{"id":4009,"date":"2015-01-19T13:09:43","date_gmt":"2015-01-19T12:09:43","guid":{"rendered":"http:\/\/www.commosupply.com\/?page_id=4009"},"modified":"2017-10-12T20:29:27","modified_gmt":"2017-10-12T20:29:27","slug":"nous-contacter","status":"publish","type":"page","link":"https:\/\/www.commosupply.com\/fr\/nous-contacter\/","title":{"rendered":"Contact"},"content":{"rendered":"<\/div><\/div><\/div><!-- close content main div --><\/div><\/div><div id='full_slider_1' class='avia-fullwidth-slider main_color avia-shadow   container_wrap sidebar_right'   ><div  data-size='no scaling'  data-lightbox_size='large'  data-animation='slide'  data-ids='4712'  data-video_counter='0'  data-autoplay='false'  data-bg_slider='false'  data-slide_height=''  data-handle='av_slideshow_full'  data-interval='5'  data-class=' '  data-css_id=''  data-scroll_down=''  data-control_layout='av-control-default'  data-custom_markup=''  data-perma_caption=''  data-autoplay_stopper=''  data-image_attachment=''  data-min_height='0px'  data-src=''  data-position='top left'  data-repeat='no-repeat'  data-attach='scroll'  data-stretch=''  class='avia-slideshow avia-slideshow-1  av-control-default av-default-height-applied avia-slideshow-no scaling av_slideshow_full   avia-slide-slider '  itemscope=\"itemscope\" itemtype=\"https:\/\/schema.org\/ImageObject\" ><ul class='avia-slideshow-inner' style='padding-bottom: 24.793388429752%;'><li  class=' av-single-slide slide-1 ' ><div data-rel='slideshow-1' class='avia-slide-wrap'  ><div class = \"caption_fullwidth av-slideshow-caption caption_left caption_left_framed caption_framed\"><div class = \"container caption_container\"><div class = \"slideshow_caption\"><div class = \"slideshow_inner_caption\"><div class = \"slideshow_align_caption\"><h2  class='avia-caption-title '  itemprop=\"name\" >Contactez-nous !<\/h2><\/div><\/div><\/div><\/div><\/div><img src='https:\/\/www.commosupply.com\/wp-content\/uploads\/2014\/11\/contact-us-2.jpg' width='1210' height='300' title='contact us' alt=''  itemprop=\"thumbnailUrl\"   \/><\/div><\/li><\/ul><\/div><\/div>\n<div class=\"flex_column av_one_half  flex_column_div first  \" ><div class='avia-icon-list-container  '><ul class='avia-icon-list avia-icon-list-left av-iconlist-big avia_animate_when_almost_visible'>\n<li><div  class='iconlist_icon  avia-font-entypo-fontello'><span class='iconlist-char ' aria-hidden='true' data-av_icon='\ue854' data-av_iconfont='entypo-fontello'><\/span><\/div><article class=\"article-icon-entry av-iconlist-empty\"  itemscope=\"itemscope\" itemtype=\"https:\/\/schema.org\/CreativeWork\" ><div class='iconlist_content_wrap'><header class=\"entry-content-header\"><h4 class='av_iconlist_title iconlist_title  '  itemprop=\"headline\"  >Appelez-nous : +41 22 593 78 78<\/h4><\/header><div class='iconlist_content  '  itemprop=\"text\"  ><\/div><\/div><footer class=\"entry-footer\"><\/footer><\/article><div class='iconlist-timeline'><\/div><\/li>\n<li><div  class='iconlist_icon  avia-font-entypo-fontello'><span class='iconlist-char ' aria-hidden='true' data-av_icon='\ue805' data-av_iconfont='entypo-fontello'><\/span><\/div><article class=\"article-icon-entry av-iconlist-empty\"  itemscope=\"itemscope\" itemtype=\"https:\/\/schema.org\/CreativeWork\" ><div class='iconlist_content_wrap'><header class=\"entry-content-header\"><h4 class='av_iconlist_title iconlist_title  '  itemprop=\"headline\"  >Email : contact@commosupply.com<\/h4><\/header><div class='iconlist_content  '  itemprop=\"text\"  ><\/div><\/div><footer class=\"entry-footer\"><\/footer><\/article><div class='iconlist-timeline'><\/div><\/li>\n<\/ul><\/div><\/div>\n<div class=\"flex_column av_one_half  flex_column_div av-zero-column-padding   \" style='border-radius:0px; '><p><section class=\"av_textblock_section \"  itemscope=\"itemscope\" itemtype=\"https:\/\/schema.org\/CreativeWork\" ><div class='avia_textblock  '   itemprop=\"text\" ><p><strong>Nos bureaux\u00a0:<\/strong><\/p>\n<\/div><\/section><br \/>\n<div class=\"tabcontainer   top_tab  \">\n\n<section class=\"av_tab_section\"  itemscope=\"itemscope\" itemtype=\"https:\/\/schema.org\/CreativeWork\" >    <div data-fake-id=\"#tab-id-1\" class=\"tab active_tab\"  itemprop=\"headline\" >Gen\u00e8ve<\/div>\n    <div id=\"tab-id-1-container\" class=\"tab_content active_tab_content\">\n        <div class=\"tab_inner_content invers-color\"  itemprop=\"text\" >\n<div>CommoSupply S.A., Luxembourg &#8211;\u00a0Agence de Gen\u00e8ve<\/div>\n<div>Rue de Carouge 22\/24<\/div>\n<div>1205 Gen\u00e8ve\u00a0&#8211;\u00a0Suisse<\/div>\n<div><\/div>\n<div><strong>T\u00e9l: +41 22 593 78 78<\/strong><\/div>\n\n        <\/div>\n    <\/div>\n<\/section>\n\n<section class=\"av_tab_section\"  itemscope=\"itemscope\" itemtype=\"https:\/\/schema.org\/CreativeWork\" >    <div data-fake-id=\"#tab-id-2\" class=\"tab \"  itemprop=\"headline\" >Paris<\/div>\n    <div id=\"tab-id-2-container\" class=\"tab_content \">\n        <div class=\"tab_inner_content invers-color\"  itemprop=\"text\" >\n<div>EURL CommoSupply France<\/div>\n<div>2B, rue du Bouloi<\/div>\n<div>75001 Paris &#8211; France<\/div>\n<div><\/div>\n<div><strong>T\u00e9l: +33 1 44 82 64 45<\/strong><\/div>\n\n        <\/div>\n    <\/div>\n<\/section>\n\n<section class=\"av_tab_section\"  itemscope=\"itemscope\" itemtype=\"https:\/\/schema.org\/CreativeWork\" >    <div data-fake-id=\"#tab-id-3\" class=\"tab \"  itemprop=\"headline\" >G\u00eanes<\/div>\n    <div id=\"tab-id-3-container\" class=\"tab_content \">\n        <div class=\"tab_inner_content invers-color\"  itemprop=\"text\" >\n<div>CommoSupply Shipbrokers Italy S.R.L<\/div>\n<div>Corso Andrea Podest\u00e0 1 &#8211;\u00a04e \u00e9tage<\/div>\n<div>16128 G\u00eanes &#8211; Italie<\/div>\n<div><\/div>\n<div><strong>T\u00e9l: +39 010 316143<\/strong><\/div>\n\n        <\/div>\n    <\/div>\n<\/section>\n\n<section class=\"av_tab_section\"  itemscope=\"itemscope\" itemtype=\"https:\/\/schema.org\/CreativeWork\" >    <div data-fake-id=\"#tab-id-4\" class=\"tab \"  itemprop=\"headline\" >Luxembourg<\/div>\n    <div id=\"tab-id-4-container\" class=\"tab_content \">\n        <div class=\"tab_inner_content invers-color\"  itemprop=\"text\" >\n<p>CommoSupply\u00a0S.A.<br \/>\n25 B, Boulevard Royal Forum Royal,<br \/>\nBP 430<br \/>\nL-2014 Luxembourg<br \/>\n<strong>T\u00e9l: +352 47 24 85\u00a0<\/strong><\/p>\n\n        <\/div>\n    <\/div>\n<\/section>\n\n<section class=\"av_tab_section\"  itemscope=\"itemscope\" itemtype=\"https:\/\/schema.org\/CreativeWork\" >    <div data-fake-id=\"#tab-id-5\" class=\"tab \"  itemprop=\"headline\" >Barcelone<\/div>\n    <div id=\"tab-id-5-container\" class=\"tab_content \">\n        <div class=\"tab_inner_content invers-color\"  itemprop=\"text\" >\n<div>CommoSupply Iberica SL<\/div>\n<div>Av. Diagonal 534<\/div>\n<div>08006 Barcelone &#8211; Espagne<\/div>\n\n        <\/div>\n    <\/div>\n<\/section>\n\n<\/div>\n<\/p><\/div><div class=\"flex_column av_one_full  flex_column_div av-zero-column-padding first  \" style='border-radius:0px; '><p><div  class='hr hr-default  '><span class='hr-inner ' ><span class='hr-inner-style'><\/span><\/span><\/div><br \/>\n<div id='av_gmap_1' class='avia-google-map-container ' data-mapid='1' style='height: 400px;'><\/div><\/p><\/div><\/p>\n","protected":false},"excerpt":{"rendered":"","protected":false},"author":1,"featured_media":0,"parent":0,"menu_order":6,"comment_status":"closed","ping_status":"closed","template":"","meta":[],"yoast_head":"<!-- This site is optimized with the Yoast SEO plugin v16.2 - https:\/\/yoast.com\/wordpress\/plugins\/seo\/ -->\n<title>Nous contacter - CommoSupply<\/title>\n<meta name=\"description\" content=\"Pour tout conseil en c\u00e9r\u00e9ales et graines ol\u00e9agineuses, vous pouvez nous contacter \u00e0 Gen\u00e8ve, Paris, Barcelone, G\u00eanes et Luxembourg.\" \/>\n<meta name=\"robots\" content=\"index, follow, max-snippet:-1, max-image-preview:large, max-video-preview:-1\" \/>\n<link rel=\"canonical\" href=\"https:\/\/www.commosupply.com\/fr\/nous-contacter\/\" \/>\n<meta property=\"og:locale\" content=\"fr_FR\" \/>\n<meta property=\"og:type\" content=\"article\" \/>\n<meta property=\"og:title\" content=\"Nous contacter - CommoSupply\" \/>\n<meta property=\"og:description\" content=\"Pour tout conseil en c\u00e9r\u00e9ales et graines ol\u00e9agineuses, vous pouvez nous contacter \u00e0 Gen\u00e8ve, Paris, Barcelone, G\u00eanes et Luxembourg.\" \/>\n<meta property=\"og:url\" content=\"https:\/\/www.commosupply.com\/fr\/nous-contacter\/\" \/>\n<meta property=\"og:site_name\" content=\"CommoSupply\" \/>\n<meta property=\"article:modified_time\" content=\"2017-10-12T20:29:27+00:00\" \/>\n<meta name=\"twitter:card\" content=\"summary\" \/>\n<meta name=\"twitter:label1\" content=\"Dur\u00e9e de lecture est.\">\n\t<meta name=\"twitter:data1\" content=\"4 minutes\">\n<script type=\"application\/ld+json\" class=\"yoast-schema-graph\">{\"@context\":\"https:\/\/schema.org\",\"@graph\":[{\"@type\":\"WebSite\",\"@id\":\"https:\/\/www.commosupply.com\/#website\",\"url\":\"https:\/\/www.commosupply.com\/\",\"name\":\"CommoSupply\",\"description\":\"Trusted grains and oilseeds advisers\",\"potentialAction\":[{\"@type\":\"SearchAction\",\"target\":\"https:\/\/www.commosupply.com\/?s={search_term_string}\",\"query-input\":\"required name=search_term_string\"}],\"inLanguage\":\"fr-FR\"},{\"@type\":\"WebPage\",\"@id\":\"https:\/\/www.commosupply.com\/fr\/nous-contacter\/#webpage\",\"url\":\"https:\/\/www.commosupply.com\/fr\/nous-contacter\/\",\"name\":\"Nous contacter - CommoSupply\",\"isPartOf\":{\"@id\":\"https:\/\/www.commosupply.com\/#website\"},\"datePublished\":\"2015-01-19T12:09:43+00:00\",\"dateModified\":\"2017-10-12T20:29:27+00:00\",\"description\":\"Pour tout conseil en c\\u00e9r\\u00e9ales et graines ol\\u00e9agineuses, vous pouvez nous contacter \\u00e0 Gen\\u00e8ve, Paris, Barcelone, G\\u00eanes et Luxembourg.\",\"breadcrumb\":{\"@id\":\"https:\/\/www.commosupply.com\/fr\/nous-contacter\/#breadcrumb\"},\"inLanguage\":\"fr-FR\",\"potentialAction\":[{\"@type\":\"ReadAction\",\"target\":[\"https:\/\/www.commosupply.com\/fr\/nous-contacter\/\"]}]},{\"@type\":\"BreadcrumbList\",\"@id\":\"https:\/\/www.commosupply.com\/fr\/nous-contacter\/#breadcrumb\",\"itemListElement\":[{\"@type\":\"ListItem\",\"position\":1,\"item\":{\"@type\":\"WebPage\",\"@id\":\"https:\/\/www.commosupply.com\/fr\/\",\"url\":\"https:\/\/www.commosupply.com\/fr\/\",\"name\":\"Home\"}},{\"@type\":\"ListItem\",\"position\":2,\"item\":{\"@id\":\"https:\/\/www.commosupply.com\/fr\/nous-contacter\/#webpage\"}}]}]}<\/script>\n<!-- \/ Yoast SEO plugin. -->","_links":{"self":[{"href":"https:\/\/www.commosupply.com\/fr\/wp-json\/wp\/v2\/pages\/4009"}],"collection":[{"href":"https:\/\/www.commosupply.com\/fr\/wp-json\/wp\/v2\/pages"}],"about":[{"href":"https:\/\/www.commosupply.com\/fr\/wp-json\/wp\/v2\/types\/page"}],"author":[{"embeddable":true,"href":"https:\/\/www.commosupply.com\/fr\/wp-json\/wp\/v2\/users\/1"}],"replies":[{"embeddable":true,"href":"https:\/\/www.commosupply.com\/fr\/wp-json\/wp\/v2\/comments?post=4009"}],"version-history":[{"count":4,"href":"https:\/\/www.commosupply.com\/fr\/wp-json\/wp\/v2\/pages\/4009\/revisions"}],"predecessor-version":[{"id":4871,"href":"https:\/\/www.commosupply.com\/fr\/wp-json\/wp\/v2\/pages\/4009\/revisions\/4871"}],"wp:attachment":[{"href":"https:\/\/www.commosupply.com\/fr\/wp-json\/wp\/v2\/media?parent=4009"}],"curies":[{"name":"wp","href":"https:\/\/api.w.org\/{rel}","templated":true}]}}