{"id":4007,"date":"2015-01-19T12:58:33","date_gmt":"2015-01-19T11:58:33","guid":{"rendered":"http:\/\/www.commosupply.com\/?page_id=4007"},"modified":"2017-10-12T14:25:14","modified_gmt":"2017-10-12T14:25:14","slug":"courtage-de-fret","status":"publish","type":"page","link":"https:\/\/www.commosupply.com\/fr\/services\/courtage-de-fret\/","title":{"rendered":"Courtage de fret"},"content":{"rendered":"<div  data-size='no scaling'  data-lightbox_size='large'  data-animation='slide'  data-ids='4696'  data-video_counter='0'  data-autoplay='false'  data-bg_slider='false'  data-slide_height=''  data-handle='av_slideshow'  data-interval='5'  data-class=' '  data-css_id=''  data-scroll_down=''  data-control_layout='av-control-default'  data-custom_markup=''  data-perma_caption=''  data-autoplay_stopper=''  data-image_attachment=''  data-min_height='0px'  class='avia-slideshow avia-slideshow-1  av-control-default av-default-height-applied avia-slideshow-no scaling av_slideshow   avia-slide-slider '  itemscope=\"itemscope\" itemtype=\"https:\/\/schema.org\/ImageObject\" ><ul class='avia-slideshow-inner' style='padding-bottom: 37.988165680473%;'><li  class=' av-single-slide slide-1 ' ><div data-rel='slideshow-1' class='avia-slide-wrap'  ><div class=\"avia-caption av-slideshow-caption\"><div class=\"avia-inner-caption\"><h2  class='avia-caption-title '  itemprop=\"name\" >Courtage de fret<\/h2><div class='avia-caption-content  '  itemprop=\"description\"  ><p>CommoSupply propose des services d\u2019affr\u00e8tement, ainsi que le planning et gestion de l\u2019approvisionnement, notamment en terme de fret.<\/p>\n<\/div><\/div><\/div><img src='https:\/\/www.commosupply.com\/wp-content\/uploads\/2016\/07\/shipbroking.jpg' width='845' height='321' title='shipbroking' alt=''  itemprop=\"thumbnailUrl\"   \/><\/div><\/li><\/ul><\/div>\n<div class=\"flex_column av_one_full  flex_column_div first  \" ><div style='padding-bottom:10px;color:#aa8c58;' class='av-special-heading av-special-heading-h3 custom-color-heading   '><h3 class='av-special-heading-tag '  itemprop=\"headline\"  >Courtage de fret <\/h3><div class='special-heading-border'><div class='special-heading-inner-border' style='border-color:#aa8c58'><\/div><\/div><\/div><\/div>\n<section class=\"av_textblock_section \"  itemscope=\"itemscope\" itemtype=\"https:\/\/schema.org\/CreativeWork\" ><div class='avia_textblock  '   itemprop=\"text\" ><p>Nous proposons \u00e0 nos clients des services de courtage de fret: affr\u00e8tement, planning et gestion de la cha\u00eene d&rsquo;approvisionnement, notamment en terme\u00a0de fret.<\/p>\n<p><strong>Gestion du fret et de la cha\u00eene d&rsquo;approvisionnement :<\/strong><\/p>\n<ul>\n<li>Affr\u00e8tement de c\u00e9r\u00e9ales, graines ol\u00e9agineuses et biodiesel<\/li>\n<li>Planning et gestion de l&rsquo;approvisionnement,\u00a0notamment en terme de fret<\/li>\n<li>Combinaison opportuniste de logistique entre des acteurs des march\u00e9s de fret de c\u00e9r\u00e9ales, ol\u00e9agineux et biodiesel<\/li>\n<\/ul>\n<\/div><\/section>\n<div class='avia-button-wrap avia-button-center '><a href='https:\/\/www.commosupply.com\/fr\/nous-contacter\/' class='avia-button   avia-icon_select-no avia-color-red avia-size-medium avia-position-center '   ><span class='avia_iconbox_title' >Des questions ? Contactez-nous pour en savoir plus !<\/span><\/a><\/div>\n","protected":false},"excerpt":{"rendered":"","protected":false},"author":1,"featured_media":0,"parent":3999,"menu_order":1,"comment_status":"closed","ping_status":"closed","template":"","meta":[],"yoast_head":"<!-- This site is optimized with the Yoast SEO plugin v16.2 - https:\/\/yoast.com\/wordpress\/plugins\/seo\/ -->\n<title>Courtage de fret - CommoSupply<\/title>\n<meta name=\"description\" content=\"Nous proposons \u00e0 nos clients des services de courtage de fret: affr\u00e8tement, planning et gestion de la cha\u00eene d&#039;approvisionnement, notamment en terme de fret.\" \/>\n<meta name=\"robots\" content=\"index, follow, max-snippet:-1, max-image-preview:large, max-video-preview:-1\" \/>\n<link rel=\"canonical\" href=\"https:\/\/www.commosupply.com\/fr\/services\/courtage-de-fret\/\" \/>\n<meta property=\"og:locale\" content=\"fr_FR\" \/>\n<meta property=\"og:type\" content=\"article\" \/>\n<meta property=\"og:title\" content=\"Courtage de fret - CommoSupply\" \/>\n<meta property=\"og:description\" content=\"Nous proposons \u00e0 nos clients des services de courtage de fret: affr\u00e8tement, planning et gestion de la cha\u00eene d&#039;approvisionnement, notamment en terme de fret.\" \/>\n<meta property=\"og:url\" content=\"https:\/\/www.commosupply.com\/fr\/services\/courtage-de-fret\/\" \/>\n<meta property=\"og:site_name\" content=\"CommoSupply\" \/>\n<meta property=\"article:modified_time\" content=\"2017-10-12T14:25:14+00:00\" \/>\n<meta name=\"twitter:card\" content=\"summary\" \/>\n<meta name=\"twitter:label1\" content=\"Dur\u00e9e de lecture est.\">\n\t<meta name=\"twitter:data1\" content=\"1 minute\">\n<script type=\"application\/ld+json\" class=\"yoast-schema-graph\">{\"@context\":\"https:\/\/schema.org\",\"@graph\":[{\"@type\":\"WebSite\",\"@id\":\"https:\/\/www.commosupply.com\/#website\",\"url\":\"https:\/\/www.commosupply.com\/\",\"name\":\"CommoSupply\",\"description\":\"Trusted grains and oilseeds advisers\",\"potentialAction\":[{\"@type\":\"SearchAction\",\"target\":\"https:\/\/www.commosupply.com\/?s={search_term_string}\",\"query-input\":\"required name=search_term_string\"}],\"inLanguage\":\"fr-FR\"},{\"@type\":\"WebPage\",\"@id\":\"https:\/\/www.commosupply.com\/fr\/services\/courtage-de-fret\/#webpage\",\"url\":\"https:\/\/www.commosupply.com\/fr\/services\/courtage-de-fret\/\",\"name\":\"Courtage de fret - CommoSupply\",\"isPartOf\":{\"@id\":\"https:\/\/www.commosupply.com\/#website\"},\"datePublished\":\"2015-01-19T11:58:33+00:00\",\"dateModified\":\"2017-10-12T14:25:14+00:00\",\"description\":\"Nous proposons \\u00e0 nos clients des services de courtage de fret: affr\\u00e8tement, planning et gestion de la cha\\u00eene d'approvisionnement, notamment en terme de fret.\",\"breadcrumb\":{\"@id\":\"https:\/\/www.commosupply.com\/fr\/services\/courtage-de-fret\/#breadcrumb\"},\"inLanguage\":\"fr-FR\",\"potentialAction\":[{\"@type\":\"ReadAction\",\"target\":[\"https:\/\/www.commosupply.com\/fr\/services\/courtage-de-fret\/\"]}]},{\"@type\":\"BreadcrumbList\",\"@id\":\"https:\/\/www.commosupply.com\/fr\/services\/courtage-de-fret\/#breadcrumb\",\"itemListElement\":[{\"@type\":\"ListItem\",\"position\":1,\"item\":{\"@type\":\"WebPage\",\"@id\":\"https:\/\/www.commosupply.com\/fr\/\",\"url\":\"https:\/\/www.commosupply.com\/fr\/\",\"name\":\"Home\"}},{\"@type\":\"ListItem\",\"position\":2,\"item\":{\"@type\":\"WebPage\",\"@id\":\"https:\/\/www.commosupply.com\/fr\/services\/\",\"url\":\"https:\/\/www.commosupply.com\/fr\/services\/\",\"name\":\"Services\"}},{\"@type\":\"ListItem\",\"position\":3,\"item\":{\"@id\":\"https:\/\/www.commosupply.com\/fr\/services\/courtage-de-fret\/#webpage\"}}]}]}<\/script>\n<!-- \/ Yoast SEO plugin. -->","_links":{"self":[{"href":"https:\/\/www.commosupply.com\/fr\/wp-json\/wp\/v2\/pages\/4007"}],"collection":[{"href":"https:\/\/www.commosupply.com\/fr\/wp-json\/wp\/v2\/pages"}],"about":[{"href":"https:\/\/www.commosupply.com\/fr\/wp-json\/wp\/v2\/types\/page"}],"author":[{"embeddable":true,"href":"https:\/\/www.commosupply.com\/fr\/wp-json\/wp\/v2\/users\/1"}],"replies":[{"embeddable":true,"href":"https:\/\/www.commosupply.com\/fr\/wp-json\/wp\/v2\/comments?post=4007"}],"version-history":[{"count":2,"href":"https:\/\/www.commosupply.com\/fr\/wp-json\/wp\/v2\/pages\/4007\/revisions"}],"predecessor-version":[{"id":4867,"href":"https:\/\/www.commosupply.com\/fr\/wp-json\/wp\/v2\/pages\/4007\/revisions\/4867"}],"up":[{"embeddable":true,"href":"https:\/\/www.commosupply.com\/fr\/wp-json\/wp\/v2\/pages\/3999"}],"wp:attachment":[{"href":"https:\/\/www.commosupply.com\/fr\/wp-json\/wp\/v2\/media?parent=4007"}],"curies":[{"name":"wp","href":"https:\/\/api.w.org\/{rel}","templated":true}]}}