{"id":4005,"date":"2015-01-19T12:57:41","date_gmt":"2015-01-19T11:57:41","guid":{"rendered":"http:\/\/www.commosupply.com\/?page_id=4005"},"modified":"2017-10-12T14:23:32","modified_gmt":"2017-10-12T14:23:32","slug":"conseil-en-approvisionnement","status":"publish","type":"page","link":"https:\/\/www.commosupply.com\/fr\/services\/conseil-en-approvisionnement\/","title":{"rendered":"Conseil en approvisionnement"},"content":{"rendered":"<div  data-size='featured'  data-lightbox_size='large'  data-animation='slide'  data-ids='4786'  data-video_counter='0'  data-autoplay='true'  data-bg_slider='false'  data-slide_height=''  data-handle='av_slideshow'  data-interval='4'  data-class=' '  data-css_id=''  data-scroll_down=''  data-control_layout='av-control-default'  data-custom_markup=''  data-perma_caption=''  data-autoplay_stopper=''  data-image_attachment=''  data-min_height='0px'  data-default-height='28.666666666667'  class='avia-slideshow avia-slideshow-1  av-control-default av-default-height-applied avia-slideshow-featured av_slideshow   avia-slide-slider '  itemscope=\"itemscope\" itemtype=\"https:\/\/schema.org\/ImageObject\" ><ul class='avia-slideshow-inner' style='padding-bottom: 37.988165680473%;'><li  class=' av-single-slide slide-1 ' ><div data-rel='slideshow-1' class='avia-slide-wrap'  ><div class=\"avia-caption av-slideshow-caption\"><div class=\"avia-inner-caption\"><h2  class='avia-caption-title '  itemprop=\"name\" >Conseil en approvisionnement<\/h2><div class='avia-caption-content  '  itemprop=\"description\"  ><p>CommoSupply fournit des analyses pointues des march\u00e9s, actualis\u00e9es en temps r\u00e9el, et des analyses de l\u2019offre et de la demande.<\/p>\n<\/div><\/div><\/div><img src='https:\/\/www.commosupply.com\/wp-content\/uploads\/2015\/01\/conseil-1.jpg' width='845' height='321' title='conseil' alt=''  itemprop=\"thumbnailUrl\"   \/><\/div><\/li><\/ul><\/div>\n<div class=\"flex_column av_one_full  flex_column_div first  \" ><p><div style='padding-bottom:10px;color:#aa8c58;' class='av-special-heading av-special-heading-h3 custom-color-heading    '><h3 class='av-special-heading-tag '  itemprop=\"headline\"  >Conseil en approvisionnement <\/h3><div class='special-heading-border'><div class='special-heading-inner-border' style='border-color:#aa8c58'><\/div><\/div><\/div><br \/>\n<section class=\"av_textblock_section \"  itemscope=\"itemscope\" itemtype=\"https:\/\/schema.org\/CreativeWork\" ><div class='avia_textblock  '   itemprop=\"text\" ><p>Des entreprises du monde entier se basent sur nos analyses pointues des march\u00e9s de mati\u00e8res premi\u00e8res agricoles, ind\u00e9pendantes et actualis\u00e9es en temps r\u00e9el, pour prendre des d\u00e9cisions importantes et d\u00e9velopper rapidement et en toute confiance leurs strat\u00e9gies d\u2019approvisionnement et de marketing.<\/p>\n<p><strong>Mission type de CommoSupply :<\/strong><\/p>\n<ul>\n<li>CommoSupply fournit des avis g\u00e9n\u00e9raux et sp\u00e9cifiques, et des analyses de l&rsquo;offre et de la demande.<\/li>\n<li>Mises \u00e0 jour d\u00e9taill\u00e9es mensuelles de l&rsquo;offre et la demande, et interaction sp\u00e9cifique, quotidienne ou hebdomadaire, avec le client.<\/li>\n<\/ul>\n<p>CommoSupply propose \u00e9galement des services d&rsquo;ex\u00e9cution d&rsquo;op\u00e9rations et de fret :<\/p>\n<p>En savoir plus sur la\u00a0<strong><a title=\"Gestion approvisionnement et marketing\" href=\"\/fr\/services\/gestion-approvisionnement-et-marketing\">gestion de l&rsquo;approvisionnement et du marketing<\/a><\/strong>\u00a0et sur le <strong><a title=\"Courtage de fret\" href=\"\/fr\/services\/courtage-de-fret\">courtage de fret<\/a><\/strong>.<\/p>\n<\/div><\/section><\/p><\/div><div class='avia-button-wrap avia-button-center '><a href='https:\/\/www.commosupply.com\/fr\/nous-contacter\/' class='avia-button   avia-icon_select-no avia-color-red avia-size-medium avia-position-center '   ><span class='avia_iconbox_title' >Des questions ? Contactez-nous pour en savoir plus !<\/span><\/a><\/div><\/p>\n","protected":false},"excerpt":{"rendered":"","protected":false},"author":1,"featured_media":0,"parent":3999,"menu_order":2,"comment_status":"closed","ping_status":"closed","template":"","meta":[],"yoast_head":"<!-- This site is optimized with the Yoast SEO plugin v16.2 - https:\/\/yoast.com\/wordpress\/plugins\/seo\/ -->\n<title>Conseil en approvisionnement - CommoSupply<\/title>\n<meta name=\"description\" content=\"Nos clients se basent sur nos analyses pointues des march\u00e9s pour d\u00e9velopper leur strat\u00e9gie d&#039;approvisionnement et de marketing en mati\u00e8res premi\u00e8res agricoles.\" \/>\n<meta name=\"robots\" content=\"index, follow, max-snippet:-1, max-image-preview:large, max-video-preview:-1\" \/>\n<link rel=\"canonical\" href=\"https:\/\/www.commosupply.com\/procurement-services\/agricultural-commodity-procurement-advice\/\" \/>\n<meta property=\"og:locale\" content=\"fr_FR\" \/>\n<meta property=\"og:type\" content=\"article\" \/>\n<meta property=\"og:title\" content=\"Conseil en approvisionnement - CommoSupply\" \/>\n<meta property=\"og:description\" content=\"Nos clients se basent sur nos analyses pointues des march\u00e9s pour d\u00e9velopper leur strat\u00e9gie d&#039;approvisionnement et de marketing en mati\u00e8res premi\u00e8res agricoles.\" \/>\n<meta property=\"og:url\" content=\"https:\/\/www.commosupply.com\/procurement-services\/agricultural-commodity-procurement-advice\/\" \/>\n<meta property=\"og:site_name\" content=\"CommoSupply\" \/>\n<meta property=\"article:modified_time\" content=\"2017-10-12T14:23:32+00:00\" \/>\n<meta name=\"twitter:card\" content=\"summary\" \/>\n<meta name=\"twitter:label1\" content=\"Dur\u00e9e de lecture est.\">\n\t<meta name=\"twitter:data1\" content=\"2 minutes\">\n<script type=\"application\/ld+json\" class=\"yoast-schema-graph\">{\"@context\":\"https:\/\/schema.org\",\"@graph\":[{\"@type\":\"WebSite\",\"@id\":\"https:\/\/www.commosupply.com\/#website\",\"url\":\"https:\/\/www.commosupply.com\/\",\"name\":\"CommoSupply\",\"description\":\"Trusted grains and oilseeds advisers\",\"potentialAction\":[{\"@type\":\"SearchAction\",\"target\":\"https:\/\/www.commosupply.com\/?s={search_term_string}\",\"query-input\":\"required name=search_term_string\"}],\"inLanguage\":\"fr-FR\"},{\"@type\":\"WebPage\",\"@id\":\"https:\/\/www.commosupply.com\/procurement-services\/agricultural-commodity-procurement-advice\/#webpage\",\"url\":\"https:\/\/www.commosupply.com\/procurement-services\/agricultural-commodity-procurement-advice\/\",\"name\":\"Conseil en approvisionnement - CommoSupply\",\"isPartOf\":{\"@id\":\"https:\/\/www.commosupply.com\/#website\"},\"datePublished\":\"2015-01-19T11:57:41+00:00\",\"dateModified\":\"2017-10-12T14:23:32+00:00\",\"description\":\"Nos clients se basent sur nos analyses pointues des march\\u00e9s pour d\\u00e9velopper leur strat\\u00e9gie d'approvisionnement et de marketing en mati\\u00e8res premi\\u00e8res agricoles.\",\"breadcrumb\":{\"@id\":\"https:\/\/www.commosupply.com\/procurement-services\/agricultural-commodity-procurement-advice\/#breadcrumb\"},\"inLanguage\":\"fr-FR\",\"potentialAction\":[{\"@type\":\"ReadAction\",\"target\":[\"https:\/\/www.commosupply.com\/procurement-services\/agricultural-commodity-procurement-advice\/\"]}]},{\"@type\":\"BreadcrumbList\",\"@id\":\"https:\/\/www.commosupply.com\/procurement-services\/agricultural-commodity-procurement-advice\/#breadcrumb\",\"itemListElement\":[{\"@type\":\"ListItem\",\"position\":1,\"item\":{\"@type\":\"WebPage\",\"@id\":\"https:\/\/www.commosupply.com\/fr\/\",\"url\":\"https:\/\/www.commosupply.com\/fr\/\",\"name\":\"Home\"}},{\"@type\":\"ListItem\",\"position\":2,\"item\":{\"@type\":\"WebPage\",\"@id\":\"https:\/\/www.commosupply.com\/fr\/services\/\",\"url\":\"https:\/\/www.commosupply.com\/fr\/services\/\",\"name\":\"Services\"}},{\"@type\":\"ListItem\",\"position\":3,\"item\":{\"@id\":\"https:\/\/www.commosupply.com\/procurement-services\/agricultural-commodity-procurement-advice\/#webpage\"}}]}]}<\/script>\n<!-- \/ Yoast SEO plugin. -->","_links":{"self":[{"href":"https:\/\/www.commosupply.com\/fr\/wp-json\/wp\/v2\/pages\/4005"}],"collection":[{"href":"https:\/\/www.commosupply.com\/fr\/wp-json\/wp\/v2\/pages"}],"about":[{"href":"https:\/\/www.commosupply.com\/fr\/wp-json\/wp\/v2\/types\/page"}],"author":[{"embeddable":true,"href":"https:\/\/www.commosupply.com\/fr\/wp-json\/wp\/v2\/users\/1"}],"replies":[{"embeddable":true,"href":"https:\/\/www.commosupply.com\/fr\/wp-json\/wp\/v2\/comments?post=4005"}],"version-history":[{"count":5,"href":"https:\/\/www.commosupply.com\/fr\/wp-json\/wp\/v2\/pages\/4005\/revisions"}],"predecessor-version":[{"id":4866,"href":"https:\/\/www.commosupply.com\/fr\/wp-json\/wp\/v2\/pages\/4005\/revisions\/4866"}],"up":[{"embeddable":true,"href":"https:\/\/www.commosupply.com\/fr\/wp-json\/wp\/v2\/pages\/3999"}],"wp:attachment":[{"href":"https:\/\/www.commosupply.com\/fr\/wp-json\/wp\/v2\/media?parent=4005"}],"curies":[{"name":"wp","href":"https:\/\/api.w.org\/{rel}","templated":true}]}}