{"id":4003,"date":"2015-01-19T12:56:43","date_gmt":"2015-01-19T11:56:43","guid":{"rendered":"http:\/\/www.commosupply.com\/?page_id=4003"},"modified":"2017-10-12T14:14:44","modified_gmt":"2017-10-12T14:14:44","slug":"gestion-approvisionnement-et-marketing","status":"publish","type":"page","link":"https:\/\/www.commosupply.com\/fr\/services\/gestion-approvisionnement-et-marketing\/","title":{"rendered":"Gestion approvisionnement et marketing"},"content":{"rendered":"<div  data-size='entry_with_sidebar'  data-lightbox_size='large'  data-animation='slide'  data-ids='4639'  data-video_counter='0'  data-autoplay='false'  data-bg_slider='false'  data-slide_height=''  data-handle='av_slideshow'  data-interval='5'  data-class=' '  data-css_id=''  data-scroll_down=''  data-control_layout='av-control-default'  data-custom_markup=''  data-perma_caption=''  data-autoplay_stopper=''  data-image_attachment=''  data-min_height='0px'  data-default-height='37.988165680473'  class='avia-slideshow avia-slideshow-1  av-control-default av-default-height-applied avia-slideshow-entry_with_sidebar av_slideshow   avia-slide-slider '  itemscope=\"itemscope\" itemtype=\"https:\/\/schema.org\/ImageObject\" ><ul class='avia-slideshow-inner' style='padding-bottom: 37.988165680473%;'><li  class=' av-single-slide slide-1 ' ><div data-rel='slideshow-1' class='avia-slide-wrap'  ><div class=\"avia-caption av-slideshow-caption\"><div class=\"avia-inner-caption\"><h2  class='avia-caption-title '  itemprop=\"name\" >Gestion approvisionnement &amp; marketing<\/h2><div class='avia-caption-content  '  itemprop=\"description\"  ><p>CommoSupply agit pour le compte de ses clients et fournit des analyses, des conseils, ainsi que l\u2019ex\u00e9cution d\u2019op\u00e9rations et des services de fret.<\/p>\n<\/div><\/div><\/div><img src='https:\/\/www.commosupply.com\/wp-content\/uploads\/2014\/11\/Procurement-and-marketing-management.jpg' width='845' height='321' title='Procurement-and-marketing-management' alt=''  itemprop=\"thumbnailUrl\"   \/><\/div><\/li><\/ul><\/div>\n<div class=\"flex_column av_one_full  flex_column_div first  \" ><p><div style='padding-bottom:10px;color:#aa8c58;' class='av-special-heading av-special-heading-h3 custom-color-heading   '><h3 class='av-special-heading-tag '  itemprop=\"headline\"  >Gestion approvisionnement et marketing <\/h3><div class='special-heading-border'><div class='special-heading-inner-border' style='border-color:#aa8c58'><\/div><\/div><\/div><br \/>\n<section class=\"av_textblock_section \"  itemscope=\"itemscope\" itemtype=\"https:\/\/schema.org\/CreativeWork\" ><div class='avia_textblock  '   itemprop=\"text\" ><p>Les clients de CommoSupply sont pour la plupart des acteurs majeurs dans leur pays, mais ils n\u2019ont habituellement pas la taille suffisante pour pouvoir acc\u00e9der aux flux des march\u00e9s de mati\u00e8res premi\u00e8res. C&rsquo;est pourquoi CommoSupply regroupe les besoins de diff\u00e9rents clients, utilisateurs de c\u00e9r\u00e9ales et ol\u00e9agineux, afin d&rsquo;atteindre une masse critique en terme d\u2019approvisionnement et de gestion de la chaine logistique. Nous fournissons des analyses, des conseils, ainsi que l&rsquo;ex\u00e9cution d&rsquo;op\u00e9rations et des services de fret. Nous agissons pour le compte de nos clients, en restant en contact permanent avec leurs \u00e9quipes de direction, assurant ainsi la prise en compte de tous les aspects et particularit\u00e9s de leurs activit\u00e9s.<\/p>\n<p><strong>Gestion compl\u00e8te de tous les besoins en c\u00e9r\u00e9ales et graines ol\u00e9agineuses (\u00ab\u00a0Full management\u00a0\u00bb) :<\/strong><\/p>\n<ul>\n<li>Analyses fondamentales, quantitatives et techniques en temps r\u00e9els des march\u00e9s des c\u00e9r\u00e9ales et ol\u00e9agineux, et des march\u00e9s de fret<\/li>\n<li>Conseils en mati\u00e8re de gestion du risque-prix et strat\u00e9gie d&rsquo;approvisionnement en mati\u00e8res premi\u00e8res<\/li>\n<li>Conseils en approvisionnement : quand acheter et vendre, n\u00e9gociation et ex\u00e9cution des contrats<\/li>\n<li>Logistique et gestion de la cha\u00eene d&rsquo;approvisionnement : approvisionnement et affr\u00e8tement de navires<\/li>\n<\/ul>\n<p><strong>Mission type de CommoSupply :<\/strong><\/p>\n<ul>\n<li>CommoSupply s&rsquo;occupe de tous les flux entrants de c\u00e9r\u00e9ales et graines ol\u00e9agineuses.<\/li>\n<li>Gestion d\u00e9l\u00e9gu\u00e9e des approvisionnements aupr\u00e8s des fournisseurs (choix des c\u00e9r\u00e9ales et huiles, timing des achats, couverture du risque de prix)<\/li>\n<li>Interaction constante avec l&rsquo;\u00e9quipe de direction du client, pour s&rsquo;assurer que tous les besoins sont bien pris en compte.<\/li>\n<\/ul>\n<\/div><\/section><\/p><\/div>\n<div class='avia-button-wrap avia-button-center '><a href='https:\/\/www.commosupply.com\/fr\/nous-contacter\/' class='avia-button   avia-icon_select-no avia-color-red avia-size-medium avia-position-center '   ><span class='avia_iconbox_title' >Des questions ? Contactez-nous pour en savoir plus !<\/span><\/a><\/div>\n","protected":false},"excerpt":{"rendered":"","protected":false},"author":1,"featured_media":0,"parent":3999,"menu_order":1,"comment_status":"closed","ping_status":"closed","template":"","meta":[],"yoast_head":"<!-- This site is optimized with the Yoast SEO plugin v16.2 - https:\/\/yoast.com\/wordpress\/plugins\/seo\/ -->\n<title>Gestion approvisionnement et marketing - CommoSupply<\/title>\n<meta name=\"description\" content=\"Approvisionnement et marketing en c\u00e9r\u00e9ales et graines ol\u00e9agineuses sont g\u00e9r\u00e9s par CommoSupply pour le compte de ses clients. Analyses des march\u00e9s, conseil, logistique...\" \/>\n<meta name=\"robots\" content=\"index, follow, max-snippet:-1, max-image-preview:large, max-video-preview:-1\" \/>\n<link rel=\"canonical\" href=\"https:\/\/www.commosupply.com\/fr\/services\/gestion-approvisionnement-et-marketing\/\" \/>\n<meta property=\"og:locale\" content=\"fr_FR\" \/>\n<meta property=\"og:type\" content=\"article\" \/>\n<meta property=\"og:title\" content=\"Gestion approvisionnement et marketing - CommoSupply\" \/>\n<meta property=\"og:description\" content=\"Approvisionnement et marketing en c\u00e9r\u00e9ales et graines ol\u00e9agineuses sont g\u00e9r\u00e9s par CommoSupply pour le compte de ses clients. Analyses des march\u00e9s, conseil, logistique...\" \/>\n<meta property=\"og:url\" content=\"https:\/\/www.commosupply.com\/fr\/services\/gestion-approvisionnement-et-marketing\/\" \/>\n<meta property=\"og:site_name\" content=\"CommoSupply\" \/>\n<meta property=\"article:modified_time\" content=\"2017-10-12T14:14:44+00:00\" \/>\n<meta name=\"twitter:card\" content=\"summary\" \/>\n<meta name=\"twitter:label1\" content=\"Dur\u00e9e de lecture est.\">\n\t<meta name=\"twitter:data1\" content=\"2 minutes\">\n<script type=\"application\/ld+json\" class=\"yoast-schema-graph\">{\"@context\":\"https:\/\/schema.org\",\"@graph\":[{\"@type\":\"WebSite\",\"@id\":\"https:\/\/www.commosupply.com\/#website\",\"url\":\"https:\/\/www.commosupply.com\/\",\"name\":\"CommoSupply\",\"description\":\"Trusted grains and oilseeds advisers\",\"potentialAction\":[{\"@type\":\"SearchAction\",\"target\":\"https:\/\/www.commosupply.com\/?s={search_term_string}\",\"query-input\":\"required name=search_term_string\"}],\"inLanguage\":\"fr-FR\"},{\"@type\":\"WebPage\",\"@id\":\"https:\/\/www.commosupply.com\/fr\/services\/gestion-approvisionnement-et-marketing\/#webpage\",\"url\":\"https:\/\/www.commosupply.com\/fr\/services\/gestion-approvisionnement-et-marketing\/\",\"name\":\"Gestion approvisionnement et marketing - CommoSupply\",\"isPartOf\":{\"@id\":\"https:\/\/www.commosupply.com\/#website\"},\"datePublished\":\"2015-01-19T11:56:43+00:00\",\"dateModified\":\"2017-10-12T14:14:44+00:00\",\"description\":\"Approvisionnement et marketing en c\\u00e9r\\u00e9ales et graines ol\\u00e9agineuses sont g\\u00e9r\\u00e9s par CommoSupply pour le compte de ses clients. Analyses des march\\u00e9s, conseil, logistique...\",\"breadcrumb\":{\"@id\":\"https:\/\/www.commosupply.com\/fr\/services\/gestion-approvisionnement-et-marketing\/#breadcrumb\"},\"inLanguage\":\"fr-FR\",\"potentialAction\":[{\"@type\":\"ReadAction\",\"target\":[\"https:\/\/www.commosupply.com\/fr\/services\/gestion-approvisionnement-et-marketing\/\"]}]},{\"@type\":\"BreadcrumbList\",\"@id\":\"https:\/\/www.commosupply.com\/fr\/services\/gestion-approvisionnement-et-marketing\/#breadcrumb\",\"itemListElement\":[{\"@type\":\"ListItem\",\"position\":1,\"item\":{\"@type\":\"WebPage\",\"@id\":\"https:\/\/www.commosupply.com\/fr\/\",\"url\":\"https:\/\/www.commosupply.com\/fr\/\",\"name\":\"Home\"}},{\"@type\":\"ListItem\",\"position\":2,\"item\":{\"@type\":\"WebPage\",\"@id\":\"https:\/\/www.commosupply.com\/fr\/services\/\",\"url\":\"https:\/\/www.commosupply.com\/fr\/services\/\",\"name\":\"Services\"}},{\"@type\":\"ListItem\",\"position\":3,\"item\":{\"@id\":\"https:\/\/www.commosupply.com\/fr\/services\/gestion-approvisionnement-et-marketing\/#webpage\"}}]}]}<\/script>\n<!-- \/ Yoast SEO plugin. -->","_links":{"self":[{"href":"https:\/\/www.commosupply.com\/fr\/wp-json\/wp\/v2\/pages\/4003"}],"collection":[{"href":"https:\/\/www.commosupply.com\/fr\/wp-json\/wp\/v2\/pages"}],"about":[{"href":"https:\/\/www.commosupply.com\/fr\/wp-json\/wp\/v2\/types\/page"}],"author":[{"embeddable":true,"href":"https:\/\/www.commosupply.com\/fr\/wp-json\/wp\/v2\/users\/1"}],"replies":[{"embeddable":true,"href":"https:\/\/www.commosupply.com\/fr\/wp-json\/wp\/v2\/comments?post=4003"}],"version-history":[{"count":2,"href":"https:\/\/www.commosupply.com\/fr\/wp-json\/wp\/v2\/pages\/4003\/revisions"}],"predecessor-version":[{"id":4865,"href":"https:\/\/www.commosupply.com\/fr\/wp-json\/wp\/v2\/pages\/4003\/revisions\/4865"}],"up":[{"embeddable":true,"href":"https:\/\/www.commosupply.com\/fr\/wp-json\/wp\/v2\/pages\/3999"}],"wp:attachment":[{"href":"https:\/\/www.commosupply.com\/fr\/wp-json\/wp\/v2\/media?parent=4003"}],"curies":[{"name":"wp","href":"https:\/\/api.w.org\/{rel}","templated":true}]}}