{"id":3999,"date":"2015-01-19T12:54:35","date_gmt":"2015-01-19T11:54:35","guid":{"rendered":"http:\/\/www.commosupply.com\/?page_id=3999"},"modified":"2017-10-12T14:13:52","modified_gmt":"2017-10-12T14:13:52","slug":"services","status":"publish","type":"page","link":"https:\/\/www.commosupply.com\/fr\/services\/","title":{"rendered":"Services"},"content":{"rendered":"<div class=\"flex_column av_one_full  flex_column_div first  \" ><p><div style='padding-bottom:10px;color:#aa8c58;' class='av-special-heading av-special-heading-h3 custom-color-heading    '><h3 class='av-special-heading-tag '  itemprop=\"headline\"  >Ce que nous faisons<\/h3><div class='special-heading-border'><div class='special-heading-inner-border' style='border-color:#aa8c58'><\/div><\/div><\/div><br \/>\n<div class='aviaccordion aviaccordion-title-active ' style='max-height:321px' data-av-maxheight='321' data-autoplay='false' data-interval='5'   itemscope=\"itemscope\" itemtype=\"https:\/\/schema.org\/Blog\" ><ul class='aviaccordion-inner'><li class='aviaccordion-slide aviaccordion-slide-1' style='left:0%' data-av-left='0'  itemscope=\"itemscope\" itemtype=\"https:\/\/schema.org\/CreativeWork\" ><a class='aviaccordion-slide-link noHover' href='https:\/\/www.commosupply.com\/fr\/services\/gestion-approvisionnement-et-marketing\/' ><div class='aviaccordion-preview  ' style='width:34.1%'><div class='aviaccordion-preview-title-pos'><div class='aviaccordion-preview-title-wrap'><div class='aviaccordion-preview-title'><h3 class='aviaccordion-title '  itemprop=\"headline\"  >Gestion de l\u2019approvisionnement et du marketing <\/h3><div class='aviaccordion-excerpt '   itemprop=\"text\" ><p>\nCommoSupply agit pour le compte de ses clients et fournit des analyses, des conseils, ainsi que l\u2019ex\u00e9cution d\u2019op\u00e9rations et des services de fret.<\/p>\n<\/div><\/div><\/div><\/div><\/div><img width=\"845\" height=\"321\" src=\"https:\/\/www.commosupply.com\/wp-content\/uploads\/2014\/11\/Procurement-and-marketing-management.jpg\" class=\"aviaccordion-image\" alt=\"\" loading=\"lazy\" srcset=\"https:\/\/www.commosupply.com\/wp-content\/uploads\/2014\/11\/Procurement-and-marketing-management.jpg 845w, https:\/\/www.commosupply.com\/wp-content\/uploads\/2014\/11\/Procurement-and-marketing-management-300x114.jpg 300w, https:\/\/www.commosupply.com\/wp-content\/uploads\/2014\/11\/Procurement-and-marketing-management-768x292.jpg 768w, https:\/\/www.commosupply.com\/wp-content\/uploads\/2014\/11\/Procurement-and-marketing-management-705x268.jpg 705w, https:\/\/www.commosupply.com\/wp-content\/uploads\/2014\/11\/Procurement-and-marketing-management-450x171.jpg 450w\" sizes=\"(max-width: 845px) 100vw, 845px\" \/><\/a><\/li><li class='aviaccordion-slide aviaccordion-slide-2' style='left:33.333333333333%' data-av-left='33.333333333333'  itemscope=\"itemscope\" itemtype=\"https:\/\/schema.org\/CreativeWork\" ><a class='aviaccordion-slide-link noHover' href='https:\/\/www.commosupply.com\/fr\/services\/conseil-en-approvisionnement\/' ><div class='aviaccordion-preview  ' style='width:34.1%'><div class='aviaccordion-preview-title-pos'><div class='aviaccordion-preview-title-wrap'><div class='aviaccordion-preview-title'><h3 class='aviaccordion-title '  itemprop=\"headline\"  >Conseil en approvisionnement <\/h3><div class='aviaccordion-excerpt '   itemprop=\"text\" ><p>\nCommoSupply fournit des analyses pointues des march\u00e9s, actualis\u00e9es en temps r\u00e9el, et des analyses de l\u2019offre et de la demande.<\/p>\n<\/div><\/div><\/div><\/div><\/div><img width=\"845\" height=\"321\" src=\"https:\/\/www.commosupply.com\/wp-content\/uploads\/2015\/01\/conseil.jpg\" class=\"aviaccordion-image\" alt=\"\" loading=\"lazy\" srcset=\"https:\/\/www.commosupply.com\/wp-content\/uploads\/2015\/01\/conseil.jpg 845w, https:\/\/www.commosupply.com\/wp-content\/uploads\/2015\/01\/conseil-300x114.jpg 300w, https:\/\/www.commosupply.com\/wp-content\/uploads\/2015\/01\/conseil-768x292.jpg 768w, https:\/\/www.commosupply.com\/wp-content\/uploads\/2015\/01\/conseil-705x268.jpg 705w, https:\/\/www.commosupply.com\/wp-content\/uploads\/2015\/01\/conseil-450x171.jpg 450w\" sizes=\"(max-width: 845px) 100vw, 845px\" \/><\/a><\/li><li class='aviaccordion-slide aviaccordion-slide-3' style='left:66.666666666667%' data-av-left='66.666666666667'  itemscope=\"itemscope\" itemtype=\"https:\/\/schema.org\/CreativeWork\" ><a class='aviaccordion-slide-link noHover' href='https:\/\/www.commosupply.com\/fr\/services\/courtage-de-fret\/' ><div class='aviaccordion-preview  ' style='width:34.1%'><div class='aviaccordion-preview-title-pos'><div class='aviaccordion-preview-title-wrap'><div class='aviaccordion-preview-title'><h3 class='aviaccordion-title '  itemprop=\"headline\"  >Courtage de fret <\/h3><div class='aviaccordion-excerpt '   itemprop=\"text\" ><p>\nCommoSupply propose des services d\u2019affr\u00e8tement, ainsi que le planning et gestion de l\u2019approvisionnement, notamment en terme de fret.<\/p>\n<\/div><\/div><\/div><\/div><\/div><img width=\"845\" height=\"321\" src=\"https:\/\/www.commosupply.com\/wp-content\/uploads\/2016\/07\/shipbroking.jpg\" class=\"aviaccordion-image\" alt=\"\" loading=\"lazy\" srcset=\"https:\/\/www.commosupply.com\/wp-content\/uploads\/2016\/07\/shipbroking.jpg 845w, https:\/\/www.commosupply.com\/wp-content\/uploads\/2016\/07\/shipbroking-300x114.jpg 300w, https:\/\/www.commosupply.com\/wp-content\/uploads\/2016\/07\/shipbroking-768x292.jpg 768w, https:\/\/www.commosupply.com\/wp-content\/uploads\/2016\/07\/shipbroking-705x268.jpg 705w, https:\/\/www.commosupply.com\/wp-content\/uploads\/2016\/07\/shipbroking-450x171.jpg 450w\" sizes=\"(max-width: 845px) 100vw, 845px\" \/><\/a><\/li><\/ul><div class='aviaccordion-spacer' style='padding-bottom:37.988165680473%'><\/div><\/div><\/p><\/div>\n","protected":false},"excerpt":{"rendered":"","protected":false},"author":1,"featured_media":0,"parent":0,"menu_order":3,"comment_status":"closed","ping_status":"closed","template":"","meta":[],"yoast_head":"<!-- This site is optimized with the Yoast SEO plugin v16.2 - https:\/\/yoast.com\/wordpress\/plugins\/seo\/ -->\n<title>CommoSupply | Nos services<\/title>\n<meta name=\"description\" content=\"CommoSupply fournit des analyses des march\u00e9s de mati\u00e8res premi\u00e8res agricoles, des conseils en approvisionnement, ainsi que l\u2019ex\u00e9cution d\u2019op\u00e9rations et des services de fret.\" \/>\n<meta name=\"robots\" content=\"index, follow, max-snippet:-1, max-image-preview:large, max-video-preview:-1\" \/>\n<link rel=\"canonical\" href=\"https:\/\/www.commosupply.com\/fr\/services\/\" \/>\n<meta property=\"og:locale\" content=\"fr_FR\" \/>\n<meta property=\"og:type\" content=\"article\" \/>\n<meta property=\"og:title\" content=\"CommoSupply | Nos services\" \/>\n<meta property=\"og:description\" content=\"CommoSupply fournit des analyses des march\u00e9s de mati\u00e8res premi\u00e8res agricoles, des conseils en approvisionnement, ainsi que l\u2019ex\u00e9cution d\u2019op\u00e9rations et des services de fret.\" \/>\n<meta property=\"og:url\" content=\"https:\/\/www.commosupply.com\/fr\/services\/\" \/>\n<meta property=\"og:site_name\" content=\"CommoSupply\" \/>\n<meta property=\"article:modified_time\" content=\"2017-10-12T14:13:52+00:00\" \/>\n<meta name=\"twitter:card\" content=\"summary\" \/>\n<meta name=\"twitter:label1\" content=\"Dur\u00e9e de lecture est.\">\n\t<meta name=\"twitter:data1\" content=\"1 minute\">\n<script type=\"application\/ld+json\" class=\"yoast-schema-graph\">{\"@context\":\"https:\/\/schema.org\",\"@graph\":[{\"@type\":\"WebSite\",\"@id\":\"https:\/\/www.commosupply.com\/#website\",\"url\":\"https:\/\/www.commosupply.com\/\",\"name\":\"CommoSupply\",\"description\":\"Trusted grains and oilseeds advisers\",\"potentialAction\":[{\"@type\":\"SearchAction\",\"target\":\"https:\/\/www.commosupply.com\/?s={search_term_string}\",\"query-input\":\"required name=search_term_string\"}],\"inLanguage\":\"fr-FR\"},{\"@type\":\"WebPage\",\"@id\":\"https:\/\/www.commosupply.com\/fr\/services\/#webpage\",\"url\":\"https:\/\/www.commosupply.com\/fr\/services\/\",\"name\":\"CommoSupply | Nos services\",\"isPartOf\":{\"@id\":\"https:\/\/www.commosupply.com\/#website\"},\"datePublished\":\"2015-01-19T11:54:35+00:00\",\"dateModified\":\"2017-10-12T14:13:52+00:00\",\"description\":\"CommoSupply fournit des analyses des march\\u00e9s de mati\\u00e8res premi\\u00e8res agricoles, des conseils en approvisionnement, ainsi que l\\u2019ex\\u00e9cution d\\u2019op\\u00e9rations et des services de fret.\",\"breadcrumb\":{\"@id\":\"https:\/\/www.commosupply.com\/fr\/services\/#breadcrumb\"},\"inLanguage\":\"fr-FR\",\"potentialAction\":[{\"@type\":\"ReadAction\",\"target\":[\"https:\/\/www.commosupply.com\/fr\/services\/\"]}]},{\"@type\":\"BreadcrumbList\",\"@id\":\"https:\/\/www.commosupply.com\/fr\/services\/#breadcrumb\",\"itemListElement\":[{\"@type\":\"ListItem\",\"position\":1,\"item\":{\"@type\":\"WebPage\",\"@id\":\"https:\/\/www.commosupply.com\/fr\/\",\"url\":\"https:\/\/www.commosupply.com\/fr\/\",\"name\":\"Home\"}},{\"@type\":\"ListItem\",\"position\":2,\"item\":{\"@id\":\"https:\/\/www.commosupply.com\/fr\/services\/#webpage\"}}]}]}<\/script>\n<!-- \/ Yoast SEO plugin. -->","_links":{"self":[{"href":"https:\/\/www.commosupply.com\/fr\/wp-json\/wp\/v2\/pages\/3999"}],"collection":[{"href":"https:\/\/www.commosupply.com\/fr\/wp-json\/wp\/v2\/pages"}],"about":[{"href":"https:\/\/www.commosupply.com\/fr\/wp-json\/wp\/v2\/types\/page"}],"author":[{"embeddable":true,"href":"https:\/\/www.commosupply.com\/fr\/wp-json\/wp\/v2\/users\/1"}],"replies":[{"embeddable":true,"href":"https:\/\/www.commosupply.com\/fr\/wp-json\/wp\/v2\/comments?post=3999"}],"version-history":[{"count":5,"href":"https:\/\/www.commosupply.com\/fr\/wp-json\/wp\/v2\/pages\/3999\/revisions"}],"predecessor-version":[{"id":4864,"href":"https:\/\/www.commosupply.com\/fr\/wp-json\/wp\/v2\/pages\/3999\/revisions\/4864"}],"wp:attachment":[{"href":"https:\/\/www.commosupply.com\/fr\/wp-json\/wp\/v2\/media?parent=3999"}],"curies":[{"name":"wp","href":"https:\/\/api.w.org\/{rel}","templated":true}]}}