{"id":3997,"date":"2015-01-19T12:52:33","date_gmt":"2015-01-19T11:52:33","guid":{"rendered":"http:\/\/www.commosupply.com\/?page_id=3997"},"modified":"2017-10-12T14:11:37","modified_gmt":"2017-10-12T14:11:37","slug":"notre-equipe","status":"publish","type":"page","link":"https:\/\/www.commosupply.com\/fr\/societe\/notre-equipe\/","title":{"rendered":"Notre \u00e9quipe"},"content":{"rendered":"<\/div><\/div><\/div><!-- close content main div --><\/div><\/div><div id='full_slider_1' class='avia-fullwidth-slider main_color avia-shadow   container_wrap sidebar_right'   ><div  data-size='no scaling'  data-lightbox_size='large'  data-animation='slide'  data-ids='4771'  data-video_counter='0'  data-autoplay='false'  data-bg_slider='false'  data-slide_height=''  data-handle='av_slideshow_full'  data-interval='5'  data-class=' '  data-css_id=''  data-scroll_down=''  data-control_layout='av-control-default'  data-custom_markup=''  data-perma_caption=''  data-autoplay_stopper=''  data-image_attachment=''  data-min_height='0px'  data-src=''  data-position='top left'  data-repeat='no-repeat'  data-attach='scroll'  data-stretch=''  class='avia-slideshow avia-slideshow-1  av-control-default av-default-height-applied avia-slideshow-no scaling av_slideshow_full   avia-slide-slider '  itemscope=\"itemscope\" itemtype=\"https:\/\/schema.org\/ImageObject\" ><ul class='avia-slideshow-inner' style='padding-bottom: 20.9375%;'><li  class=' av-single-slide slide-1 ' ><div data-rel='slideshow-1' class='avia-slide-wrap'  ><img src='https:\/\/www.commosupply.com\/wp-content\/uploads\/2015\/01\/notre-equipe.jpg' width='1280' height='268' title='notre-equipe' alt=''  itemprop=\"thumbnailUrl\"   \/><\/div><\/li><\/ul><\/div><\/div>\n<div class=\"flex_column av_one_full  flex_column_div first  \" ><p><div style='padding-bottom:10px;color:#aa8c58;' class='av-special-heading av-special-heading-h3 custom-color-heading    '><h3 class='av-special-heading-tag '  itemprop=\"headline\"  >Notre \u00e9quipe<\/h3><div class='special-heading-border'><div class='special-heading-inner-border' style='border-color:#aa8c58'><\/div><\/div><\/div><br \/>\n<section class=\"av_textblock_section \"  itemscope=\"itemscope\" itemtype=\"https:\/\/schema.org\/CreativeWork\" ><div class='avia_textblock  '   itemprop=\"text\" ><p><strong>DES COLLABORATEURS IMPLIQU\u00c9S, DOT\u00c9S D\u2019UNE FORTE EXPERTISE M\u00c9TIER<\/strong><\/p>\n<p>Notre succ\u00e8s repose sur le talent de notre \u00e9quipe internationale. Nos collaborateurs sont passionn\u00e9s par le n\u00e9goce de mati\u00e8res premi\u00e8res, la logistique et le service client, et ils totalisent plus de 200 ann\u00e9es d&rsquo;exp\u00e9riences dans le secteur\u00a0des c\u00e9r\u00e9ales et graines ol\u00e9agineuses. Nous nous engageons \u00e0 construire avec nos clients des relations de confiance, reposant sur le respect, la compr\u00e9hension et la flexibilit\u00e9. Leur satisfaction \u00e0 l&rsquo;\u00e9gard de\u00a0nos services est l\u2019unique mesure de notre r\u00e9ussite.\u00a0Fond\u00e9 en 2008 par les trois co-fondateurs\u00a0Cyril Francart, Olivier Gross et\u00a0Manuel Hirsch,\u00a0CommoSupply c\u00e9l\u00e8bre cette ann\u00e9e sa 7\u00e8me ann\u00e9e d&rsquo;activit\u00e9.<\/p>\n<\/div><\/section><br \/>\n<div style='padding-bottom:0px;color:#aa8c58;' class='av-special-heading av-special-heading-h3 custom-color-heading blockquote modern-quote   '><h3 class='av-special-heading-tag '  itemprop=\"headline\"  >\u00c9QUIPE DE DIRECTION :<\/h3><div class='special-heading-border'><div class='special-heading-inner-border' style='border-color:#aa8c58'><\/div><\/div><\/div><\/p><\/div>\n<div  class='hr hr-default  '><span class='hr-inner ' ><span class='hr-inner-style'><\/span><\/span><\/div>\n<div class=\"flex_column av_one_third  flex_column_div first  \" ><section class='avia-team-member  '  itemscope=\"itemscope\" itemtype=\"https:\/\/schema.org\/Person\" ><h3 class='team-member-name'   itemprop=\"name\" >Cyril Francart<\/h3><div class='team-member-job-title '   itemprop=\"jobTitle\" >Co-fondateur de CommoSupply en 2008<\/div><div class='team-member-description '  itemprop=\"description\"  ><p>\u2022 Plus de 15 ann\u00e9es d\u2018exp\u00e9rience chez un op\u00e9rateur majeur du secteur gazier et au sein d\u2019un acteur majeur du n\u00e9goce de mati\u00e8res premi\u00e8res agricoles<br \/>\n\u2022 Sp\u00e9cialiste du n\u00e9goce d\u2019huiles v\u00e9g\u00e9tales et du transport maritime<\/p>\n<\/div><span class='hidden team-member-affiliation'  itemprop=\"affiliation\" >CommoSupply<\/span><\/section><\/div>\n<div class=\"flex_column av_one_third  flex_column_div av-zero-column-padding   \" style='border-radius:0px; '><section class='avia-team-member  '  itemscope=\"itemscope\" itemtype=\"https:\/\/schema.org\/Person\" ><h3 class='team-member-name'   itemprop=\"name\" >Olivier Gross <\/h3><div class='team-member-job-title '   itemprop=\"jobTitle\" >Co-fondateur de CommoSupply en 2008 <\/div><div class='team-member-description '  itemprop=\"description\"  ><p>\u2022 Plus de 15 ann\u00e9es d\u2018exp\u00e9rience au sein d\u2019un acteur majeur du n\u00e9goce de mati\u00e8res premi\u00e8res agricoles, en Europe, en Am\u00e9rique du Sud et en Am\u00e9rique du Nord<br \/>\n\u2022 Trader et analyste d\u2019huiles v\u00e9g\u00e9tales, biocarburants, graines ol\u00e9agineuses et c\u00e9r\u00e9ales<\/p>\n<\/div><span class='hidden team-member-affiliation'  itemprop=\"affiliation\" >CommoSupply<\/span><\/section><\/div>\n<div class=\"flex_column av_one_third  flex_column_div av-zero-column-padding   \" style='border-radius:0px; '><section class='avia-team-member  '  itemscope=\"itemscope\" itemtype=\"https:\/\/schema.org\/Person\" ><h3 class='team-member-name'   itemprop=\"name\" >Manuel Hirsch<\/h3><div class='team-member-job-title '   itemprop=\"jobTitle\" >Co-fondateur de CommoSupply en 2008 <\/div><div class='team-member-description '  itemprop=\"description\"  ><p>\u2022 Trader senior au sein d\u2019un acteur majeur du n\u00e9goce de mati\u00e8res premi\u00e8res agricoles, avec une large exp\u00e9rience en Am\u00e9rique du Sud et en Europe<br \/>\n\u2022 Trader et directeur supply chain pour les huiles liquides<\/p>\n<\/div><span class='hidden team-member-affiliation'  itemprop=\"affiliation\" >CommoSupply<\/span><\/section><\/div>\n<div  class='hr hr-default  '><span class='hr-inner ' ><span class='hr-inner-style'><\/span><\/span><\/div>\n<div class=\"flex_column av_one_third  flex_column_div first  \" ><section class='avia-team-member  '  itemscope=\"itemscope\" itemtype=\"https:\/\/schema.org\/Person\" ><h3 class='team-member-name'   itemprop=\"name\" >Nathalie Beghin<\/h3><div class='team-member-job-title '   itemprop=\"jobTitle\" >A rejoint CommoSupply d\u00e9but 2010<\/div><div class='team-member-description '  itemprop=\"description\"  ><p>\u2022 12 ann\u00e9es d\u2018exp\u00e9rience au sein d\u2019un acteur majeur du n\u00e9goce de mati\u00e8res premi\u00e8res agricoles<br \/>\n\u2022 Analyste, sp\u00e9cialiste de l\u2019analyse de l\u2019offre et la demande, ainsi que des tendances et \u00e9volutions des cours sur les march\u00e9s<\/p>\n<\/div><span class='hidden team-member-affiliation'  itemprop=\"affiliation\" >CommoSupply<\/span><\/section><\/div>\n<div class=\"flex_column av_one_third  flex_column_div av-zero-column-padding   \" style='border-radius:0px; '><section class='avia-team-member  '  itemscope=\"itemscope\" itemtype=\"https:\/\/schema.org\/Person\" ><h3 class='team-member-name'   itemprop=\"name\" >Paul Perk<\/h3><div class='team-member-job-title '   itemprop=\"jobTitle\" >A rejoint CommoSupply mi-2013<\/div><div class='team-member-description '  itemprop=\"description\"  ><p>\u2022 22 ann\u00e9es d\u2019exp\u00e9rience au Br\u00e9sil au sein de plusieurs groupes de n\u00e9goces de mati\u00e8res premi\u00e8res agricoles, y compris dans le domaine des pratiques de production agricoles, de la trituration et de la logistique<br \/>\n\u2022 Sp\u00e9cialiste de l\u2019approvisionnement et de la couverture des risques-prix des c\u00e9r\u00e9ales et des prot\u00e9ines<\/p>\n<\/div><span class='hidden team-member-affiliation'  itemprop=\"affiliation\" >CommoSupply<\/span><\/section><\/div>\n<div class=\"flex_column av_one_third  flex_column_div av-zero-column-padding   \" style='border-radius:0px; '><section class='avia-team-member  '  itemscope=\"itemscope\" itemtype=\"https:\/\/schema.org\/Person\" ><h3 class='team-member-name'   itemprop=\"name\" >Michele Virone<\/h3><div class='team-member-job-title '   itemprop=\"jobTitle\" >A rejoint CommoSupply mi-2012<\/div><div class='team-member-description '  itemprop=\"description\"  ><p>\u2022 30 ann\u00e9es d\u2019exp\u00e9rience en tant que n\u00e9gociant et courtier en fret, en particulier pour le p\u00e9trole brut, les produits p\u00e9troliers blancs, les huiles v\u00e9g\u00e9tales et le biodiesel<br \/>\n\u2022 Sp\u00e9cialiste de l\u2019affr\u00e8tement et du n\u00e9goce de fret<\/p>\n<\/div><span class='hidden team-member-affiliation'  itemprop=\"affiliation\" >CommoSupply<\/span><\/section><\/div>\n\t<div  class='av_promobox  avia-button-yes '>\t\t<div class='avia-promocontent'><p>\nNous serions tr\u00e8s heureux de\u00a0travailler avec vous, alors contactez-nous !<\/p>\n<\/div><div class='avia-button-wrap avia-button-right '><a href='https:\/\/www.commosupply.com\/fr\/nous-contacter\/' class='avia-button   avia-icon_select-yes-left-icon avia-color-green avia-size-medium avia-position-right '   ><span class='avia_button_icon avia_button_icon_left ' aria-hidden='true' data-av_icon='\ue805' data-av_iconfont='entypo-fontello'><\/span><span class='avia_iconbox_title' >Contacter CommoSupply<\/span><\/a><\/div>\t<\/div>\n","protected":false},"excerpt":{"rendered":"","protected":false},"author":1,"featured_media":0,"parent":3837,"menu_order":6,"comment_status":"closed","ping_status":"closed","template":"","meta":[],"yoast_head":"<!-- This site is optimized with the Yoast SEO plugin v16.2 - https:\/\/yoast.com\/wordpress\/plugins\/seo\/ -->\n<title>Notre \u00e9quipe - CommoSupply<\/title>\n<meta name=\"description\" content=\"L&#039;\u00e9quipe de CommoSupply est internationale, dynamique et compos\u00e9e d&#039;experts en analyse des march\u00e9s, en n\u00e9goce de c\u00e9r\u00e9ales et ol\u00e9agineux, en logistique.\" \/>\n<meta name=\"robots\" content=\"index, follow, max-snippet:-1, max-image-preview:large, max-video-preview:-1\" \/>\n<link rel=\"canonical\" href=\"https:\/\/www.commosupply.com\/fr\/societe\/notre-equipe\/\" \/>\n<meta property=\"og:locale\" content=\"fr_FR\" \/>\n<meta property=\"og:type\" content=\"article\" \/>\n<meta property=\"og:title\" content=\"Notre \u00e9quipe - CommoSupply\" \/>\n<meta property=\"og:description\" content=\"L&#039;\u00e9quipe de CommoSupply est internationale, dynamique et compos\u00e9e d&#039;experts en analyse des march\u00e9s, en n\u00e9goce de c\u00e9r\u00e9ales et ol\u00e9agineux, en logistique.\" \/>\n<meta property=\"og:url\" content=\"https:\/\/www.commosupply.com\/fr\/societe\/notre-equipe\/\" \/>\n<meta property=\"og:site_name\" content=\"CommoSupply\" \/>\n<meta property=\"article:modified_time\" content=\"2017-10-12T14:11:37+00:00\" \/>\n<meta name=\"twitter:card\" content=\"summary\" \/>\n<meta name=\"twitter:label1\" content=\"Dur\u00e9e de lecture est.\">\n\t<meta name=\"twitter:data1\" content=\"6 minutes\">\n<script type=\"application\/ld+json\" class=\"yoast-schema-graph\">{\"@context\":\"https:\/\/schema.org\",\"@graph\":[{\"@type\":\"WebSite\",\"@id\":\"https:\/\/www.commosupply.com\/#website\",\"url\":\"https:\/\/www.commosupply.com\/\",\"name\":\"CommoSupply\",\"description\":\"Trusted grains and oilseeds advisers\",\"potentialAction\":[{\"@type\":\"SearchAction\",\"target\":\"https:\/\/www.commosupply.com\/?s={search_term_string}\",\"query-input\":\"required name=search_term_string\"}],\"inLanguage\":\"fr-FR\"},{\"@type\":\"WebPage\",\"@id\":\"https:\/\/www.commosupply.com\/fr\/societe\/notre-equipe\/#webpage\",\"url\":\"https:\/\/www.commosupply.com\/fr\/societe\/notre-equipe\/\",\"name\":\"Notre \\u00e9quipe - CommoSupply\",\"isPartOf\":{\"@id\":\"https:\/\/www.commosupply.com\/#website\"},\"datePublished\":\"2015-01-19T11:52:33+00:00\",\"dateModified\":\"2017-10-12T14:11:37+00:00\",\"description\":\"L'\\u00e9quipe de CommoSupply est internationale, dynamique et compos\\u00e9e d'experts en analyse des march\\u00e9s, en n\\u00e9goce de c\\u00e9r\\u00e9ales et ol\\u00e9agineux, en logistique.\",\"breadcrumb\":{\"@id\":\"https:\/\/www.commosupply.com\/fr\/societe\/notre-equipe\/#breadcrumb\"},\"inLanguage\":\"fr-FR\",\"potentialAction\":[{\"@type\":\"ReadAction\",\"target\":[\"https:\/\/www.commosupply.com\/fr\/societe\/notre-equipe\/\"]}]},{\"@type\":\"BreadcrumbList\",\"@id\":\"https:\/\/www.commosupply.com\/fr\/societe\/notre-equipe\/#breadcrumb\",\"itemListElement\":[{\"@type\":\"ListItem\",\"position\":1,\"item\":{\"@type\":\"WebPage\",\"@id\":\"https:\/\/www.commosupply.com\/fr\/\",\"url\":\"https:\/\/www.commosupply.com\/fr\/\",\"name\":\"Home\"}},{\"@type\":\"ListItem\",\"position\":2,\"item\":{\"@type\":\"WebPage\",\"@id\":\"https:\/\/www.commosupply.com\/fr\/societe\/\",\"url\":\"https:\/\/www.commosupply.com\/fr\/societe\/\",\"name\":\"Soci\\u00e9t\\u00e9\"}},{\"@type\":\"ListItem\",\"position\":3,\"item\":{\"@id\":\"https:\/\/www.commosupply.com\/fr\/societe\/notre-equipe\/#webpage\"}}]}]}<\/script>\n<!-- \/ Yoast SEO plugin. -->","_links":{"self":[{"href":"https:\/\/www.commosupply.com\/fr\/wp-json\/wp\/v2\/pages\/3997"}],"collection":[{"href":"https:\/\/www.commosupply.com\/fr\/wp-json\/wp\/v2\/pages"}],"about":[{"href":"https:\/\/www.commosupply.com\/fr\/wp-json\/wp\/v2\/types\/page"}],"author":[{"embeddable":true,"href":"https:\/\/www.commosupply.com\/fr\/wp-json\/wp\/v2\/users\/1"}],"replies":[{"embeddable":true,"href":"https:\/\/www.commosupply.com\/fr\/wp-json\/wp\/v2\/comments?post=3997"}],"version-history":[{"count":2,"href":"https:\/\/www.commosupply.com\/fr\/wp-json\/wp\/v2\/pages\/3997\/revisions"}],"predecessor-version":[{"id":4863,"href":"https:\/\/www.commosupply.com\/fr\/wp-json\/wp\/v2\/pages\/3997\/revisions\/4863"}],"up":[{"embeddable":true,"href":"https:\/\/www.commosupply.com\/fr\/wp-json\/wp\/v2\/pages\/3837"}],"wp:attachment":[{"href":"https:\/\/www.commosupply.com\/fr\/wp-json\/wp\/v2\/media?parent=3997"}],"curies":[{"name":"wp","href":"https:\/\/api.w.org\/{rel}","templated":true}]}}