{"id":3995,"date":"2015-01-19T12:51:07","date_gmt":"2015-01-19T11:51:07","guid":{"rendered":"http:\/\/www.commosupply.com\/?page_id=3995"},"modified":"2017-10-12T14:10:26","modified_gmt":"2017-10-12T14:10:26","slug":"ce-qui-nous-differencie","status":"publish","type":"page","link":"https:\/\/www.commosupply.com\/fr\/societe\/ce-qui-nous-differencie\/","title":{"rendered":"Ce qui nous diff\u00e9rencie"},"content":{"rendered":"<div id='layer_slider_1' class='avia-layerslider main_color avia-shadow  container_wrap sidebar_right'    style='height: 251px;' ><\/div>\n<div class=\"flex_column av_one_full  flex_column_div first  \" ><p><div style='padding-bottom:10px;color:#aa8c58;' class='av-special-heading av-special-heading-h3 custom-color-heading    '><h3 class='av-special-heading-tag '  itemprop=\"headline\"  >Ce qui nous diff\u00e9rencie<\/h3><div class='special-heading-border'><div class='special-heading-inner-border' style='border-color:#aa8c58'><\/div><\/div><\/div><br \/>\n<section class=\"av_textblock_section \"  itemscope=\"itemscope\" itemtype=\"https:\/\/schema.org\/CreativeWork\" ><div class='avia_textblock  '   itemprop=\"text\" ><p>Les march\u00e9s de mati\u00e8res premi\u00e8res agricoles sont volatils et enclins \u00e0 d&rsquo;importantes et tr\u00e8s rapides variations des prix, les\u00a0cycles \u00e9tant beaucoup plus courts que pour les mati\u00e8res premi\u00e8res industrielles.\u00a0Pourquoi devriez-vous faire confiance \u00e0 CommoSupply pour vos besoins en c\u00e9r\u00e9ales et ol\u00e9agineux ?<\/p>\n<p>\u00c0 la diff\u00e9rence de la plupart des courtiers en mati\u00e8res premi\u00e8res, nous travaillons avec un petit nombre de clients, g\u00e9n\u00e9ralement avec une exclusivit\u00e9 sur un secteur g\u00e9ographique ou un secteur d&rsquo;activit\u00e9, et nous nous engageons \u00e0 d\u00e9fendre leurs int\u00e9r\u00eats plut\u00f4t que de \u00ab\u00a0forcer\u00a0\u00bb imm\u00e9diatement les transactions commerciales. \u00a0Nous sommes plus petits, plus agiles que beaucoup des plus gros acteurs du march\u00e9, et nous nous engageons \u00e0 construire des partenariats forts et sur le long terme avec nos clients.\u00a0En croissance constante depuis 2008, nous avons au cours des ann\u00e9es d\u00e9velopp\u00e9 un <strong>concept unique \u00e0 forte valeur ajout\u00e9e<\/strong>, dont nous faisons b\u00e9n\u00e9ficier nos clients :<\/p>\n<\/div><\/section><\/p><\/div>\n<div class=\"flex_column av_one_full  flex_column_div first  \" ><div style='padding-bottom:20px;color:#aa8c58;' class='av-special-heading av-special-heading-h3 custom-color-heading blockquote modern-quote  '><h3 class='av-special-heading-tag '  itemprop=\"headline\"  >NOTRE CONCEPT UNIQUE :<\/h3><div class='special-heading-border'><div class='special-heading-inner-border' style='border-color:#aa8c58'><\/div><\/div><\/div><\/div>\n<div class='avia-icon-list-container  '><ul class='avia-icon-list avia-icon-list-left av-iconlist-big avia_animate_when_almost_visible'>\n<li><div  class='iconlist_icon  avia-font-entypo-fontello'><span class='iconlist-char ' aria-hidden='true' data-av_icon='\ue8c9' data-av_iconfont='entypo-fontello'><\/span><\/div><article class=\"article-icon-entry \"  itemscope=\"itemscope\" itemtype=\"https:\/\/schema.org\/CreativeWork\" ><div class='iconlist_content_wrap'><header class=\"entry-content-header\"><h4 class='av_iconlist_title iconlist_title  '  itemprop=\"headline\"  >La combinaison unique de trois expertises: la production, le n\u00e9goce et la logistique<\/h4><\/header><div class='iconlist_content  '  itemprop=\"text\"  ><p>Notre succ\u00e8s repose sur le talent de nos collaborateurs, tous sp\u00e9cialistes du n\u00e9goce et de la logistique. Arm\u00e9s d\u2019un grand professionnalisme et de beaucoup d\u2019enthousiasme, ils cumulent plus de 200 ann\u00e9es d\u2019exp\u00e9riences dans le secteur des c\u00e9r\u00e9ales et des ol\u00e9agineux. Nos services couvrent la gestion de l\u2019approvisionnement ou du marketing des mati\u00e8res premi\u00e8res, le conseil en approvisionnement et le courtage maritime.<\/p>\n<\/div><\/div><footer class=\"entry-footer\"><\/footer><\/article><div class='iconlist-timeline'><\/div><\/li>\n<li><div  class='iconlist_icon  avia-font-entypo-fontello'><span class='iconlist-char ' aria-hidden='true' data-av_icon='\ue8c6' data-av_iconfont='entypo-fontello'><\/span><\/div><article class=\"article-icon-entry \"  itemscope=\"itemscope\" itemtype=\"https:\/\/schema.org\/CreativeWork\" ><div class='iconlist_content_wrap'><header class=\"entry-content-header\"><h4 class='av_iconlist_title iconlist_title  '  itemprop=\"headline\"  >Le groupement des besoins clients pour atteindre une masse critique<\/h4><\/header><div class='iconlist_content  '  itemprop=\"text\"  ><p>Nous groupons les besoins de diff\u00e9rents utilisateurs de c\u00e9r\u00e9ales et ol\u00e9agineux. Gr\u00e2ce \u00e0 CommoSupply, nos clients peuvent atteindre une\u00a0masse critique, en terme d\u2019approvisionnement et de gestion de la chaine logistique, pour\u00a0avoir acc\u00e8s \u00e0 une connaissance optimale du march\u00e9 et \u00e0 ses\u00a0flux.<\/p>\n<\/div><\/div><footer class=\"entry-footer\"><\/footer><\/article><div class='iconlist-timeline'><\/div><\/li>\n<li><div  class='iconlist_icon  avia-font-entypo-fontello'><span class='iconlist-char ' aria-hidden='true' data-av_icon='\ue8ad' data-av_iconfont='entypo-fontello'><\/span><\/div><article class=\"article-icon-entry \"  itemscope=\"itemscope\" itemtype=\"https:\/\/schema.org\/CreativeWork\" ><div class='iconlist_content_wrap'><header class=\"entry-content-header\"><h4 class='av_iconlist_title iconlist_title  '  itemprop=\"headline\"  >Un r\u00e9seau d\u2019acteurs industriels de confiance, couvrant l\u2019int\u00e9gralit\u00e9 de la chaine d\u2019approvisionnement<\/h4><\/header><div class='iconlist_content  '  itemprop=\"text\"  ><p>Nos clients ont acc\u00e8s \u00e0 un r\u00e9seau unique d\u2019acteurs du secteur, qualifi\u00e9s et de confiance, couvrant l\u2019int\u00e9gralit\u00e9 de la cha\u00eene d\u2019approvisionnement (production agricole, traitement, transport, transformation \u00e0 destination, distribution).<\/p>\n<\/div><\/div><footer class=\"entry-footer\"><\/footer><\/article><div class='iconlist-timeline'><\/div><\/li>\n<li><div  class='iconlist_icon  avia-font-entypo-fontello'><span class='iconlist-char ' aria-hidden='true' data-av_icon='\ue80b' data-av_iconfont='entypo-fontello'><\/span><\/div><article class=\"article-icon-entry \"  itemscope=\"itemscope\" itemtype=\"https:\/\/schema.org\/CreativeWork\" ><div class='iconlist_content_wrap'><header class=\"entry-content-header\"><h4 class='av_iconlist_title iconlist_title  '  itemprop=\"headline\"  >Un engagement qualit\u00e9 et des partenariats sur le long terme<\/h4><\/header><div class='iconlist_content  '  itemprop=\"text\"  ><p>Nous nous engageons \u00e0 construire avec nos clients des relations de confiance, bas\u00e9es sur le respect, la compr\u00e9hension et la flexibilit\u00e9. Leur satisfaction \u00e0 l&rsquo;\u00e9gard de\u00a0nos services est la mesure de notre r\u00e9ussite.<\/p>\n<\/div><\/div><footer class=\"entry-footer\"><\/footer><\/article><div class='iconlist-timeline'><\/div><\/li>\n<li><div  class='iconlist_icon  avia-font-entypo-fontello'><span class='iconlist-char ' aria-hidden='true' data-av_icon='\ue8b1' data-av_iconfont='entypo-fontello'><\/span><\/div><article class=\"article-icon-entry \"  itemscope=\"itemscope\" itemtype=\"https:\/\/schema.org\/CreativeWork\" ><div class='iconlist_content_wrap'><header class=\"entry-content-header\"><h4 class='av_iconlist_title iconlist_title  '  itemprop=\"headline\"  >Un partenaire agile et une pr\u00e9sence internationale<\/h4><\/header><div class='iconlist_content  '  itemprop=\"text\"  ><p>Nous sommes pr\u00e9sents \u00e0 Gen\u00e8ve, Paris, G\u00eanes, Luxembourg et Barcelone. Des entreprises du monde entier se basent sur nos analyses pointues des march\u00e9s, ind\u00e9pendantes et actualis\u00e9es en temps r\u00e9el, pour prendre des d\u00e9cisions majeures\u00a0et d\u00e9velopper rapidement et en toute confiance\u00a0leurs strat\u00e9gies en mati\u00e8res premi\u00e8res agricoles.<\/p>\n<\/div><\/div><footer class=\"entry-footer\"><\/footer><\/article><div class='iconlist-timeline'><\/div><\/li>\n<\/ul><\/div>\n","protected":false},"excerpt":{"rendered":"","protected":false},"author":1,"featured_media":0,"parent":3837,"menu_order":5,"comment_status":"closed","ping_status":"closed","template":"","meta":[],"yoast_head":"<!-- This site is optimized with the Yoast SEO plugin v16.2 - https:\/\/yoast.com\/wordpress\/plugins\/seo\/ -->\n<title>Ce qui nous diff\u00e9rencie - CommoSupply<\/title>\n<meta name=\"description\" content=\"Commosupply est plus agile que beaucoup des gros acteurs du march\u00e9, et s&#039;engage \u00e0 construire des partenariats forts et sur le long terme avec ses clients.\" \/>\n<meta name=\"robots\" content=\"index, follow, max-snippet:-1, max-image-preview:large, max-video-preview:-1\" \/>\n<link rel=\"canonical\" href=\"https:\/\/www.commosupply.com\/fr\/societe\/ce-qui-nous-differencie\/\" \/>\n<meta property=\"og:locale\" content=\"fr_FR\" \/>\n<meta property=\"og:type\" content=\"article\" \/>\n<meta property=\"og:title\" content=\"Ce qui nous diff\u00e9rencie - CommoSupply\" \/>\n<meta property=\"og:description\" content=\"Commosupply est plus agile que beaucoup des gros acteurs du march\u00e9, et s&#039;engage \u00e0 construire des partenariats forts et sur le long terme avec ses clients.\" \/>\n<meta property=\"og:url\" content=\"https:\/\/www.commosupply.com\/fr\/societe\/ce-qui-nous-differencie\/\" \/>\n<meta property=\"og:site_name\" content=\"CommoSupply\" \/>\n<meta property=\"article:modified_time\" content=\"2017-10-12T14:10:26+00:00\" \/>\n<meta name=\"twitter:card\" content=\"summary\" \/>\n<meta name=\"twitter:label1\" content=\"Dur\u00e9e de lecture est.\">\n\t<meta name=\"twitter:data1\" content=\"3 minutes\">\n<script type=\"application\/ld+json\" class=\"yoast-schema-graph\">{\"@context\":\"https:\/\/schema.org\",\"@graph\":[{\"@type\":\"WebSite\",\"@id\":\"https:\/\/www.commosupply.com\/#website\",\"url\":\"https:\/\/www.commosupply.com\/\",\"name\":\"CommoSupply\",\"description\":\"Trusted grains and oilseeds advisers\",\"potentialAction\":[{\"@type\":\"SearchAction\",\"target\":\"https:\/\/www.commosupply.com\/?s={search_term_string}\",\"query-input\":\"required name=search_term_string\"}],\"inLanguage\":\"fr-FR\"},{\"@type\":\"WebPage\",\"@id\":\"https:\/\/www.commosupply.com\/fr\/societe\/ce-qui-nous-differencie\/#webpage\",\"url\":\"https:\/\/www.commosupply.com\/fr\/societe\/ce-qui-nous-differencie\/\",\"name\":\"Ce qui nous diff\\u00e9rencie - CommoSupply\",\"isPartOf\":{\"@id\":\"https:\/\/www.commosupply.com\/#website\"},\"datePublished\":\"2015-01-19T11:51:07+00:00\",\"dateModified\":\"2017-10-12T14:10:26+00:00\",\"description\":\"Commosupply est plus agile que beaucoup des gros acteurs du march\\u00e9, et s'engage \\u00e0 construire des partenariats forts et sur le long terme avec ses clients.\",\"breadcrumb\":{\"@id\":\"https:\/\/www.commosupply.com\/fr\/societe\/ce-qui-nous-differencie\/#breadcrumb\"},\"inLanguage\":\"fr-FR\",\"potentialAction\":[{\"@type\":\"ReadAction\",\"target\":[\"https:\/\/www.commosupply.com\/fr\/societe\/ce-qui-nous-differencie\/\"]}]},{\"@type\":\"BreadcrumbList\",\"@id\":\"https:\/\/www.commosupply.com\/fr\/societe\/ce-qui-nous-differencie\/#breadcrumb\",\"itemListElement\":[{\"@type\":\"ListItem\",\"position\":1,\"item\":{\"@type\":\"WebPage\",\"@id\":\"https:\/\/www.commosupply.com\/fr\/\",\"url\":\"https:\/\/www.commosupply.com\/fr\/\",\"name\":\"Home\"}},{\"@type\":\"ListItem\",\"position\":2,\"item\":{\"@type\":\"WebPage\",\"@id\":\"https:\/\/www.commosupply.com\/fr\/societe\/\",\"url\":\"https:\/\/www.commosupply.com\/fr\/societe\/\",\"name\":\"Soci\\u00e9t\\u00e9\"}},{\"@type\":\"ListItem\",\"position\":3,\"item\":{\"@id\":\"https:\/\/www.commosupply.com\/fr\/societe\/ce-qui-nous-differencie\/#webpage\"}}]}]}<\/script>\n<!-- \/ Yoast SEO plugin. -->","_links":{"self":[{"href":"https:\/\/www.commosupply.com\/fr\/wp-json\/wp\/v2\/pages\/3995"}],"collection":[{"href":"https:\/\/www.commosupply.com\/fr\/wp-json\/wp\/v2\/pages"}],"about":[{"href":"https:\/\/www.commosupply.com\/fr\/wp-json\/wp\/v2\/types\/page"}],"author":[{"embeddable":true,"href":"https:\/\/www.commosupply.com\/fr\/wp-json\/wp\/v2\/users\/1"}],"replies":[{"embeddable":true,"href":"https:\/\/www.commosupply.com\/fr\/wp-json\/wp\/v2\/comments?post=3995"}],"version-history":[{"count":2,"href":"https:\/\/www.commosupply.com\/fr\/wp-json\/wp\/v2\/pages\/3995\/revisions"}],"predecessor-version":[{"id":4862,"href":"https:\/\/www.commosupply.com\/fr\/wp-json\/wp\/v2\/pages\/3995\/revisions\/4862"}],"up":[{"embeddable":true,"href":"https:\/\/www.commosupply.com\/fr\/wp-json\/wp\/v2\/pages\/3837"}],"wp:attachment":[{"href":"https:\/\/www.commosupply.com\/fr\/wp-json\/wp\/v2\/media?parent=3995"}],"curies":[{"name":"wp","href":"https:\/\/api.w.org\/{rel}","templated":true}]}}