{"id":3993,"date":"2015-01-19T12:47:10","date_gmt":"2015-01-19T11:47:10","guid":{"rendered":"http:\/\/www.commosupply.com\/?page_id=3993"},"modified":"2017-10-12T14:09:06","modified_gmt":"2017-10-12T14:09:06","slug":"notre-expertise","status":"publish","type":"page","link":"https:\/\/www.commosupply.com\/fr\/societe\/notre-expertise\/","title":{"rendered":"Notre expertise"},"content":{"rendered":"<\/div><\/div><\/div><!-- close content main div --><\/div><\/div><div id='full_slider_1' class='avia-fullwidth-slider main_color avia-shadow   container_wrap sidebar_right'   ><div  data-size='no scaling'  data-lightbox_size='large'  data-animation='slide'  data-ids='4762'  data-video_counter='0'  data-autoplay='false'  data-bg_slider='false'  data-slide_height=''  data-handle='av_slideshow_full'  data-interval='5'  data-class=' '  data-css_id=''  data-scroll_down=''  data-control_layout='av-control-default'  data-custom_markup=''  data-perma_caption=''  data-autoplay_stopper=''  data-image_attachment=''  data-min_height='0px'  data-src=''  data-position='top left'  data-repeat='no-repeat'  data-attach='scroll'  data-stretch=''  class='avia-slideshow avia-slideshow-1  av-control-default av-default-height-applied avia-slideshow-no scaling av_slideshow_full   avia-slide-slider '  itemscope=\"itemscope\" itemtype=\"https:\/\/schema.org\/ImageObject\" ><ul class='avia-slideshow-inner' style='padding-bottom: 21.015625%;'><li  class=' av-single-slide slide-1 ' ><div data-rel='slideshow-1' class='avia-slide-wrap'  ><img src='https:\/\/www.commosupply.com\/wp-content\/uploads\/2015\/01\/expertise.jpg' width='1280' height='269' title='expertise' alt=''  itemprop=\"thumbnailUrl\"   \/><\/div><\/li><\/ul><\/div><\/div>\n<div class=\"flex_column av_one_full  flex_column_div first  \" ><p><div style='padding-bottom:10px;color:#aa8c58;' class='av-special-heading av-special-heading-h3 custom-color-heading    '><h3 class='av-special-heading-tag '  itemprop=\"headline\"  >Notre expertise<\/h3><div class='special-heading-border'><div class='special-heading-inner-border' style='border-color:#aa8c58'><\/div><\/div><\/div><br \/>\n<section class=\"av_textblock_section \"  itemscope=\"itemscope\" itemtype=\"https:\/\/schema.org\/CreativeWork\" ><div class='avia_textblock  '   itemprop=\"text\" ><p>L\u2019externalisation d\u2019un ensemble d\u2019activit\u00e9s pour se concentrer sur son c\u0153ur de m\u00e9tier est aujourd\u2019hui une pratique commune dans beaucoup d\u2019entreprises. Par ailleurs, les d\u00e9cisions relatives \u00e0 l\u2019approvisionnement sont d\u2019importance strat\u00e9gique, et s\u2019av\u00e8rent souvent chronophages et co\u00fbteuses si elles ne sont pas g\u00e9r\u00e9es correctement.<\/p>\n<p>CommoSupply intervient chez des utilisateurs industriels et producteurs de mati\u00e8res premi\u00e8res agricoles, comme s&rsquo;il \u00e9tait leur\u00a0d\u00e9partement approvisionnement ou marketing. Nous basons nos recommandations sur des analyses pointues de l\u2019offre et de la demande des march\u00e9s des graines ol\u00e9agineuses, des huiles v\u00e9g\u00e9tales, des bio carburants et des c\u00e9r\u00e9ales.<\/p>\n<p>Nous sommes aux c\u00f4t\u00e9s de nos clients, partenaire engag\u00e9 et de confiance de leur strat\u00e9gie mondiale en mati\u00e8re de c\u00e9r\u00e9ales et ol\u00e9agineux. Nous construisons des partenariats durables avec chacun d\u2019entre eux, et d\u00e9fendons en permanence leurs int\u00e9r\u00eats. Leur satisfaction \u00e0 l&rsquo;\u00e9gard de\u00a0nos services est l\u2019unique mesure de notre r\u00e9ussite.<\/p>\n<p><strong>NOS SERVICES COUVRENT\u00a0:<\/strong><\/p>\n<\/div><\/section><\/p><\/div>\n<div class=\"flex_column av_two_third  flex_column_div first  \" ><div class='avia-progress-bar-container  avia_animate_when_almost_visible  av-flat-bar av-animated-bar '><div class='avia-progress-bar teal-bar icon-bar-yes'><div class='progressbar-title-wrap'><div class='progressbar-icon'><span class='progressbar-char' aria-hidden='true' data-av_icon='\ue80b' data-av_iconfont='entypo-fontello'><\/span><\/div><div class='progressbar-title'>La gestion de l\u2019approvisionnement et du marketing<\/div><\/div><div class='progress' ><div class='bar-outer'><div class='bar' style='width: 100%' data-progress='100'><\/div><\/div><\/div><\/div><div class='avia-progress-bar teal-bar icon-bar-yes'><div class='progressbar-title-wrap'><div class='progressbar-icon'><span class='progressbar-char' aria-hidden='true' data-av_icon='\ue8c5' data-av_iconfont='entypo-fontello'><\/span><\/div><div class='progressbar-title'>Le conseil en approvisionnement <\/div><\/div><div class='progress' ><div class='bar-outer'><div class='bar' style='width: 100%' data-progress='100'><\/div><\/div><\/div><\/div><div class='avia-progress-bar teal-bar icon-bar-yes'><div class='progressbar-title-wrap'><div class='progressbar-icon'><span class='progressbar-char' aria-hidden='true' data-av_icon='\ue8b1' data-av_iconfont='entypo-fontello'><\/span><\/div><div class='progressbar-title'>Le courtage de fret <\/div><\/div><div class='progress' ><div class='bar-outer'><div class='bar' style='width: 100%' data-progress='100'><\/div><\/div><\/div><\/div><\/div><\/div>\n<div class=\"flex_column av_one_third  flex_column_div av-zero-column-padding   \" style='border-radius:0px; '><div class='avia-button-wrap avia-button-center '><a href='https:\/\/www.commosupply.com\/fr\/services\/' class='avia-button   avia-icon_select-no avia-color-red avia-size-medium avia-position-center '   ><span class='avia_iconbox_title' >EN SAVOIR PLUS<\/span><\/a><\/div><\/div>\n","protected":false},"excerpt":{"rendered":"","protected":false},"author":1,"featured_media":0,"parent":3837,"menu_order":4,"comment_status":"closed","ping_status":"closed","template":"","meta":[],"yoast_head":"<!-- This site is optimized with the Yoast SEO plugin v16.2 - https:\/\/yoast.com\/wordpress\/plugins\/seo\/ -->\n<title>CommoSupply - Notre expertise<\/title>\n<meta name=\"description\" content=\"CommoSupply intervient chez des utilisateurs industriels et producteurs de mati\u00e8res premi\u00e8res agricoles, comme s\u2019il \u00e9tait leur d\u00e9partement approvisionnement ou marketing.\" \/>\n<meta name=\"robots\" content=\"index, follow, max-snippet:-1, max-image-preview:large, max-video-preview:-1\" \/>\n<link rel=\"canonical\" href=\"https:\/\/www.commosupply.com\/fr\/societe\/notre-expertise\/\" \/>\n<meta property=\"og:locale\" content=\"fr_FR\" \/>\n<meta property=\"og:type\" content=\"article\" \/>\n<meta property=\"og:title\" content=\"CommoSupply - Notre expertise\" \/>\n<meta property=\"og:description\" content=\"CommoSupply intervient chez des utilisateurs industriels et producteurs de mati\u00e8res premi\u00e8res agricoles, comme s\u2019il \u00e9tait leur d\u00e9partement approvisionnement ou marketing.\" \/>\n<meta property=\"og:url\" content=\"https:\/\/www.commosupply.com\/fr\/societe\/notre-expertise\/\" \/>\n<meta property=\"og:site_name\" content=\"CommoSupply\" \/>\n<meta property=\"article:modified_time\" content=\"2017-10-12T14:09:06+00:00\" \/>\n<meta name=\"twitter:card\" content=\"summary\" \/>\n<meta name=\"twitter:label1\" content=\"Dur\u00e9e de lecture est.\">\n\t<meta name=\"twitter:data1\" content=\"3 minutes\">\n<script type=\"application\/ld+json\" class=\"yoast-schema-graph\">{\"@context\":\"https:\/\/schema.org\",\"@graph\":[{\"@type\":\"WebSite\",\"@id\":\"https:\/\/www.commosupply.com\/#website\",\"url\":\"https:\/\/www.commosupply.com\/\",\"name\":\"CommoSupply\",\"description\":\"Trusted grains and oilseeds advisers\",\"potentialAction\":[{\"@type\":\"SearchAction\",\"target\":\"https:\/\/www.commosupply.com\/?s={search_term_string}\",\"query-input\":\"required name=search_term_string\"}],\"inLanguage\":\"fr-FR\"},{\"@type\":\"WebPage\",\"@id\":\"https:\/\/www.commosupply.com\/fr\/societe\/notre-expertise\/#webpage\",\"url\":\"https:\/\/www.commosupply.com\/fr\/societe\/notre-expertise\/\",\"name\":\"CommoSupply - Notre expertise\",\"isPartOf\":{\"@id\":\"https:\/\/www.commosupply.com\/#website\"},\"datePublished\":\"2015-01-19T11:47:10+00:00\",\"dateModified\":\"2017-10-12T14:09:06+00:00\",\"description\":\"CommoSupply intervient chez des utilisateurs industriels et producteurs de mati\\u00e8res premi\\u00e8res agricoles, comme s\\u2019il \\u00e9tait leur d\\u00e9partement approvisionnement ou marketing.\",\"breadcrumb\":{\"@id\":\"https:\/\/www.commosupply.com\/fr\/societe\/notre-expertise\/#breadcrumb\"},\"inLanguage\":\"fr-FR\",\"potentialAction\":[{\"@type\":\"ReadAction\",\"target\":[\"https:\/\/www.commosupply.com\/fr\/societe\/notre-expertise\/\"]}]},{\"@type\":\"BreadcrumbList\",\"@id\":\"https:\/\/www.commosupply.com\/fr\/societe\/notre-expertise\/#breadcrumb\",\"itemListElement\":[{\"@type\":\"ListItem\",\"position\":1,\"item\":{\"@type\":\"WebPage\",\"@id\":\"https:\/\/www.commosupply.com\/fr\/\",\"url\":\"https:\/\/www.commosupply.com\/fr\/\",\"name\":\"Home\"}},{\"@type\":\"ListItem\",\"position\":2,\"item\":{\"@type\":\"WebPage\",\"@id\":\"https:\/\/www.commosupply.com\/fr\/societe\/\",\"url\":\"https:\/\/www.commosupply.com\/fr\/societe\/\",\"name\":\"Soci\\u00e9t\\u00e9\"}},{\"@type\":\"ListItem\",\"position\":3,\"item\":{\"@id\":\"https:\/\/www.commosupply.com\/fr\/societe\/notre-expertise\/#webpage\"}}]}]}<\/script>\n<!-- \/ Yoast SEO plugin. -->","_links":{"self":[{"href":"https:\/\/www.commosupply.com\/fr\/wp-json\/wp\/v2\/pages\/3993"}],"collection":[{"href":"https:\/\/www.commosupply.com\/fr\/wp-json\/wp\/v2\/pages"}],"about":[{"href":"https:\/\/www.commosupply.com\/fr\/wp-json\/wp\/v2\/types\/page"}],"author":[{"embeddable":true,"href":"https:\/\/www.commosupply.com\/fr\/wp-json\/wp\/v2\/users\/1"}],"replies":[{"embeddable":true,"href":"https:\/\/www.commosupply.com\/fr\/wp-json\/wp\/v2\/comments?post=3993"}],"version-history":[{"count":2,"href":"https:\/\/www.commosupply.com\/fr\/wp-json\/wp\/v2\/pages\/3993\/revisions"}],"predecessor-version":[{"id":4860,"href":"https:\/\/www.commosupply.com\/fr\/wp-json\/wp\/v2\/pages\/3993\/revisions\/4860"}],"up":[{"embeddable":true,"href":"https:\/\/www.commosupply.com\/fr\/wp-json\/wp\/v2\/pages\/3837"}],"wp:attachment":[{"href":"https:\/\/www.commosupply.com\/fr\/wp-json\/wp\/v2\/media?parent=3993"}],"curies":[{"name":"wp","href":"https:\/\/api.w.org\/{rel}","templated":true}]}}