{"id":3986,"date":"2015-01-19T11:59:20","date_gmt":"2015-01-19T10:59:20","guid":{"rendered":"http:\/\/www.commosupply.com\/?page_id=3986"},"modified":"2017-10-12T14:06:28","modified_gmt":"2017-10-12T14:06:28","slug":"chiffres-cles","status":"publish","type":"page","link":"https:\/\/www.commosupply.com\/fr\/societe\/chiffres-cles\/","title":{"rendered":"Chiffres cl\u00e9s"},"content":{"rendered":"<\/div><\/div><\/div><!-- close content main div --><\/div><\/div><div id='full_slider_1' class='avia-fullwidth-slider main_color avia-shadow   container_wrap sidebar_right'   ><div  data-size='no scaling'  data-lightbox_size='large'  data-animation='slide'  data-ids='4555'  data-video_counter='0'  data-autoplay='false'  data-bg_slider='false'  data-slide_height=''  data-handle='av_slideshow_full'  data-interval='5'  data-class=' '  data-css_id=''  data-scroll_down=''  data-control_layout='av-control-default'  data-custom_markup=''  data-perma_caption=''  data-autoplay_stopper=''  data-image_attachment=''  data-min_height='0px'  data-src=''  data-position='top left'  data-repeat='no-repeat'  data-attach='scroll'  data-stretch=''  class='avia-slideshow avia-slideshow-1  av-control-default av-default-height-applied avia-slideshow-no scaling av_slideshow_full   avia-slide-slider '  itemscope=\"itemscope\" itemtype=\"https:\/\/schema.org\/ImageObject\" ><ul class='avia-slideshow-inner' style='padding-bottom: 21.015625%;'><li  class=' av-single-slide slide-1 ' ><div data-rel='slideshow-1' class='avia-slide-wrap'  ><img src='https:\/\/www.commosupply.com\/wp-content\/uploads\/2014\/11\/key-facts.jpg' width='1280' height='269' title='key facts' alt=''  itemprop=\"thumbnailUrl\"   \/><\/div><\/li><\/ul><\/div><\/div>\n<div class=\"flex_column av_one_full  flex_column_div first  \" ><p><div style='padding-bottom:10px;color:#aa8c58;' class='av-special-heading av-special-heading-h3 custom-color-heading    '><h3 class='av-special-heading-tag '  itemprop=\"headline\"  >Chiffres cl\u00e9s<\/h3><div class='special-heading-border'><div class='special-heading-inner-border' style='border-color:#aa8c58'><\/div><\/div><\/div><br \/>\n<section class=\"av_textblock_section \"  itemscope=\"itemscope\" itemtype=\"https:\/\/schema.org\/CreativeWork\" ><div class='avia_textblock  '   itemprop=\"text\" ><ul>\n<li>Soci\u00e9t\u00e9 ind\u00e9pendante, fond\u00e9e en 2008<\/li>\n<li>Pr\u00e9sence internationale (bureaux \u00e0 Gen\u00e8ve, Paris, Barcelone,\u00a0G\u00eanes et Luxembourg)<\/li>\n<li><a title=\"Expertise\" href=\"\/fr\/societe\/notre-expertise\/\">Expertise<\/a> en approvisionnement, n\u00e9goce et logistique\u00a0de mati\u00e8res premi\u00e8res agricoles<\/li>\n<li>Une <a title=\"Notre \u00e9quipe\" href=\"\/fr\/societe\/notre-equipe\">\u00e9quipe<\/a> avec plus de 200 ann\u00e9es d&rsquo;exp\u00e9riences cumul\u00e9es dans le secteur des c\u00e9r\u00e9ales et graines ol\u00e9agineuses, essentiellement au sein des soci\u00e9t\u00e9s de n\u00e9goce de mati\u00e8res premi\u00e8res\u00a0\u00ab\u00a0ABCD\u00a0\u00bb<\/li>\n<li>Fourniture de plus d&rsquo;un million de tonnes d&rsquo;huiles v\u00e9g\u00e9tales, de c\u00e9r\u00e9ales, de graines ol\u00e9agineuses et de farine de soja par an<\/li>\n<li>D\u00e9veloppement pour nos\u00a0clients\u00a0d&rsquo;un <a title=\"Ce qui nous diff\u00e9rencie\" href=\"\/fr\/societe\/ce-qui-nous-differencie\">concept unique \u00e0 forte valeur ajout\u00e9e<\/a><\/li>\n<li>R\u00e9activit\u00e9, flexibilit\u00e9, agilit\u00e9<\/li>\n<li>Engagement sur la qualit\u00e9 et vers les partenariats \u00e0 long terme<\/li>\n<\/ul>\n<\/div><\/section><\/p><\/div>\n","protected":false},"excerpt":{"rendered":"","protected":false},"author":1,"featured_media":0,"parent":3837,"menu_order":2,"comment_status":"closed","ping_status":"closed","template":"","meta":[],"yoast_head":"<!-- This site is optimized with the Yoast SEO plugin v16.2 - https:\/\/yoast.com\/wordpress\/plugins\/seo\/ -->\n<title>Chiffres cl\u00e9s - CommoSupply<\/title>\n<meta name=\"description\" content=\"Chiffres cl\u00e9s de CommoSupply: fond\u00e9e en 2008, pr\u00e9sence internationale, expertise en approvisionnement, n\u00e9goce et logistique de mati\u00e8res premi\u00e8res agricoles.\" \/>\n<meta name=\"robots\" content=\"index, follow, max-snippet:-1, max-image-preview:large, max-video-preview:-1\" \/>\n<link rel=\"canonical\" href=\"https:\/\/www.commosupply.com\/fr\/societe\/chiffres-cles\/\" \/>\n<meta property=\"og:locale\" content=\"fr_FR\" \/>\n<meta property=\"og:type\" content=\"article\" \/>\n<meta property=\"og:title\" content=\"Chiffres cl\u00e9s - CommoSupply\" \/>\n<meta property=\"og:description\" content=\"Chiffres cl\u00e9s de CommoSupply: fond\u00e9e en 2008, pr\u00e9sence internationale, expertise en approvisionnement, n\u00e9goce et logistique de mati\u00e8res premi\u00e8res agricoles.\" \/>\n<meta property=\"og:url\" content=\"https:\/\/www.commosupply.com\/fr\/societe\/chiffres-cles\/\" \/>\n<meta property=\"og:site_name\" content=\"CommoSupply\" \/>\n<meta property=\"article:modified_time\" content=\"2017-10-12T14:06:28+00:00\" \/>\n<meta name=\"twitter:card\" content=\"summary\" \/>\n<meta name=\"twitter:label1\" content=\"Dur\u00e9e de lecture est.\">\n\t<meta name=\"twitter:data1\" content=\"2 minutes\">\n<script type=\"application\/ld+json\" class=\"yoast-schema-graph\">{\"@context\":\"https:\/\/schema.org\",\"@graph\":[{\"@type\":\"WebSite\",\"@id\":\"https:\/\/www.commosupply.com\/#website\",\"url\":\"https:\/\/www.commosupply.com\/\",\"name\":\"CommoSupply\",\"description\":\"Trusted grains and oilseeds advisers\",\"potentialAction\":[{\"@type\":\"SearchAction\",\"target\":\"https:\/\/www.commosupply.com\/?s={search_term_string}\",\"query-input\":\"required name=search_term_string\"}],\"inLanguage\":\"fr-FR\"},{\"@type\":\"WebPage\",\"@id\":\"https:\/\/www.commosupply.com\/fr\/societe\/chiffres-cles\/#webpage\",\"url\":\"https:\/\/www.commosupply.com\/fr\/societe\/chiffres-cles\/\",\"name\":\"Chiffres cl\\u00e9s - CommoSupply\",\"isPartOf\":{\"@id\":\"https:\/\/www.commosupply.com\/#website\"},\"datePublished\":\"2015-01-19T10:59:20+00:00\",\"dateModified\":\"2017-10-12T14:06:28+00:00\",\"description\":\"Chiffres cl\\u00e9s de CommoSupply: fond\\u00e9e en 2008, pr\\u00e9sence internationale, expertise en approvisionnement, n\\u00e9goce et logistique de mati\\u00e8res premi\\u00e8res agricoles.\",\"breadcrumb\":{\"@id\":\"https:\/\/www.commosupply.com\/fr\/societe\/chiffres-cles\/#breadcrumb\"},\"inLanguage\":\"fr-FR\",\"potentialAction\":[{\"@type\":\"ReadAction\",\"target\":[\"https:\/\/www.commosupply.com\/fr\/societe\/chiffres-cles\/\"]}]},{\"@type\":\"BreadcrumbList\",\"@id\":\"https:\/\/www.commosupply.com\/fr\/societe\/chiffres-cles\/#breadcrumb\",\"itemListElement\":[{\"@type\":\"ListItem\",\"position\":1,\"item\":{\"@type\":\"WebPage\",\"@id\":\"https:\/\/www.commosupply.com\/fr\/\",\"url\":\"https:\/\/www.commosupply.com\/fr\/\",\"name\":\"Home\"}},{\"@type\":\"ListItem\",\"position\":2,\"item\":{\"@type\":\"WebPage\",\"@id\":\"https:\/\/www.commosupply.com\/fr\/societe\/\",\"url\":\"https:\/\/www.commosupply.com\/fr\/societe\/\",\"name\":\"Soci\\u00e9t\\u00e9\"}},{\"@type\":\"ListItem\",\"position\":3,\"item\":{\"@id\":\"https:\/\/www.commosupply.com\/fr\/societe\/chiffres-cles\/#webpage\"}}]}]}<\/script>\n<!-- \/ Yoast SEO plugin. -->","_links":{"self":[{"href":"https:\/\/www.commosupply.com\/fr\/wp-json\/wp\/v2\/pages\/3986"}],"collection":[{"href":"https:\/\/www.commosupply.com\/fr\/wp-json\/wp\/v2\/pages"}],"about":[{"href":"https:\/\/www.commosupply.com\/fr\/wp-json\/wp\/v2\/types\/page"}],"author":[{"embeddable":true,"href":"https:\/\/www.commosupply.com\/fr\/wp-json\/wp\/v2\/users\/1"}],"replies":[{"embeddable":true,"href":"https:\/\/www.commosupply.com\/fr\/wp-json\/wp\/v2\/comments?post=3986"}],"version-history":[{"count":4,"href":"https:\/\/www.commosupply.com\/fr\/wp-json\/wp\/v2\/pages\/3986\/revisions"}],"predecessor-version":[{"id":4858,"href":"https:\/\/www.commosupply.com\/fr\/wp-json\/wp\/v2\/pages\/3986\/revisions\/4858"}],"up":[{"embeddable":true,"href":"https:\/\/www.commosupply.com\/fr\/wp-json\/wp\/v2\/pages\/3837"}],"wp:attachment":[{"href":"https:\/\/www.commosupply.com\/fr\/wp-json\/wp\/v2\/media?parent=3986"}],"curies":[{"name":"wp","href":"https:\/\/api.w.org\/{rel}","templated":true}]}}