{"id":3840,"date":"2014-11-26T19:07:02","date_gmt":"2014-11-26T18:07:02","guid":{"rendered":"http:\/\/www.commosupply.com\/societe\/who-we-are"},"modified":"2017-10-12T13:52:11","modified_gmt":"2017-10-12T13:52:11","slug":"qui-nous-sommes","status":"publish","type":"page","link":"https:\/\/www.commosupply.com\/fr\/societe\/qui-nous-sommes\/","title":{"rendered":"Qui nous sommes"},"content":{"rendered":"<\/div><\/div><\/div><!-- close content main div --><\/div><\/div><div id='full_slider_1' class='avia-fullwidth-slider main_color avia-shadow   container_wrap sidebar_right'   ><div  data-size='no scaling'  data-lightbox_size='large'  data-animation='slide'  data-ids='4549'  data-video_counter='0'  data-autoplay='false'  data-bg_slider='false'  data-slide_height=''  data-handle='av_slideshow_full'  data-interval='5'  data-class=' '  data-css_id=''  data-scroll_down=''  data-control_layout='av-control-default'  data-custom_markup=''  data-perma_caption=''  data-autoplay_stopper=''  data-image_attachment=''  data-min_height='0px'  data-src=''  data-position='top left'  data-repeat='no-repeat'  data-attach='scroll'  data-stretch=''  class='avia-slideshow avia-slideshow-1  av-control-default av-default-height-applied avia-slideshow-no scaling av_slideshow_full   avia-slide-slider '  itemscope=\"itemscope\" itemtype=\"https:\/\/schema.org\/ImageObject\" ><ul class='avia-slideshow-inner' style='padding-bottom: 20.9375%;'><li  class=' av-single-slide slide-1 ' ><div data-rel='slideshow-1' class='avia-slide-wrap'  ><img src='https:\/\/www.commosupply.com\/wp-content\/uploads\/2014\/11\/who-we-are.jpg' width='1280' height='268' title='who we are' alt=''  itemprop=\"thumbnailUrl\"   \/><\/div><\/li><\/ul><\/div><\/div>\n<div style='padding-bottom:10px;color:#aa8c58;' class='av-special-heading av-special-heading-h3 custom-color-heading    '><h3 class='av-special-heading-tag '  itemprop=\"headline\"  >Qui nous sommes<\/h3><div class='special-heading-border'><div class='special-heading-inner-border' style='border-color:#aa8c58'><\/div><\/div><\/div>\n<section class=\"av_textblock_section \"  itemscope=\"itemscope\" itemtype=\"https:\/\/schema.org\/CreativeWork\" ><div class='avia_textblock  '   itemprop=\"text\" ><blockquote>\n<p>CommoSupply est une soci\u00e9t\u00e9 internationale de conseil et de courtage de fret en c\u00e9r\u00e9ales, graines ol\u00e9agineuses, huiles v\u00e9g\u00e9tales et biodiesel, pr\u00e9sente \u00e0 Gen\u00e8ve, Paris, Barcelone, G\u00eanes et Luxembourg.<\/p>\n<\/blockquote>\n<p><strong>NOTRE\u00a0MISSION<\/strong><\/p>\n<p>Notre mission est d\u2019intervenir en tant qu&rsquo;agent d\u2019approvisionnement pour des utilisateurs industriels et des producteurs de mati\u00e8res premi\u00e8res agricoles. Nous nous engageons \u00e0 obtenir pour eux d\u2019excellents r\u00e9sultats, qui s&rsquo;appuient sur des analyses approfondies des march\u00e9s des graines ol\u00e9agineuses, huiles v\u00e9g\u00e9tales, biodiesel et c\u00e9r\u00e9ales. Nous leur fournissons \u00e9galement des conseils en n\u00e9goce, qui prot\u00e8gent leurs int\u00e9r\u00eats comme s\u2019il s\u2019agissait des n\u00f4tres. <a title=\"Mission\" href=\"\/fr\/societe\/notre-mission\/\">En savoir plus<\/a>.<\/p>\n<p><strong>UN CONCEPT UNIQUE<\/strong><\/p>\n<p>En croissance constante depuis 2008, nous avons au cours des ann\u00e9es d\u00e9velopp\u00e9 un concept unique \u00e0 forte valeur ajout\u00e9e, dont nous faisons b\u00e9n\u00e9ficier nos clients. Des entreprises du monde entier se basent sur nos analyses pointues des march\u00e9s de mati\u00e8res premi\u00e8res agricoles, ind\u00e9pendantes et actualis\u00e9es en temps r\u00e9el, pour prendre des d\u00e9cisions importantes et d\u00e9velopper leurs\u00a0strat\u00e9gies d\u2019approvisionnement et de marketing, rapidement et en toute confiance. Nos clients ont \u00e9galement acc\u00e8s \u00e0 un r\u00e9seau unique d\u2019acteurs du secteur, qualifi\u00e9s et de confiance, couvrant l\u2019int\u00e9gralit\u00e9 de la cha\u00eene d\u2019approvisionnement (production agricole, traitement, transport, transformation \u00e0 destination, distribution). <a title=\"Ce qui nous diff\u00e9rencie\" href=\"\/fr\/societe\/ce-qui-nous-differencie\">En savoir plus<\/a>.<\/p>\n<p><strong>DES \u00c9QUIPES IMPLIQU\u00c9ES<\/strong><\/p>\n<p>Notre succ\u00e8s repose sur le talent de nos collaborateurs, tous sp\u00e9cialistes du n\u00e9goce et de la logistique. Arm\u00e9s d\u2019un grand professionnalisme et de beaucoup d\u2019enthousiasme, ainsi que de plus de 200 ann\u00e9es d\u2019exp\u00e9riences cumul\u00e9es dans le secteur des c\u00e9r\u00e9ales et des ol\u00e9agineux, ils s\u2019engagent chaque jour \u00e0 construire avec nos clients des relations de confiance sur le long terme, bas\u00e9es\u00a0sur le respect, la compr\u00e9hension et la flexibilit\u00e9. La satisfaction de nos clients est l\u2019unique mesure de notre r\u00e9ussite. <a title=\"Notre \u00e9quipe\" href=\"\/fr\/societe\/notre-equipe\">En savoir plus<\/a>.<\/p>\n<\/div><\/section>\n","protected":false},"excerpt":{"rendered":"","protected":false},"author":1,"featured_media":0,"parent":3837,"menu_order":1,"comment_status":"closed","ping_status":"closed","template":"","meta":[],"yoast_head":"<!-- This site is optimized with the Yoast SEO plugin v16.2 - https:\/\/yoast.com\/wordpress\/plugins\/seo\/ -->\n<title>Qui nous sommes - CommoSupply<\/title>\n<meta name=\"description\" content=\"CommoSupply est une soci\u00e9t\u00e9 de conseil en c\u00e9r\u00e9ales, graines ol\u00e9agineuses, huiles v\u00e9g\u00e9tales et biodiesel. Approvisionnement, marketing, courtage de fret\" \/>\n<meta name=\"robots\" content=\"index, follow, max-snippet:-1, max-image-preview:large, max-video-preview:-1\" \/>\n<link rel=\"canonical\" href=\"https:\/\/www.commosupply.com\/fr\/societe\/qui-nous-sommes\/\" \/>\n<meta property=\"og:locale\" content=\"fr_FR\" \/>\n<meta property=\"og:type\" content=\"article\" \/>\n<meta property=\"og:title\" content=\"Qui nous sommes - CommoSupply\" \/>\n<meta property=\"og:description\" content=\"CommoSupply est une soci\u00e9t\u00e9 de conseil en c\u00e9r\u00e9ales, graines ol\u00e9agineuses, huiles v\u00e9g\u00e9tales et biodiesel. Approvisionnement, marketing, courtage de fret\" \/>\n<meta property=\"og:url\" content=\"https:\/\/www.commosupply.com\/fr\/societe\/qui-nous-sommes\/\" \/>\n<meta property=\"og:site_name\" content=\"CommoSupply\" \/>\n<meta property=\"article:modified_time\" content=\"2017-10-12T13:52:11+00:00\" \/>\n<meta name=\"twitter:card\" content=\"summary\" \/>\n<meta name=\"twitter:label1\" content=\"Dur\u00e9e de lecture est.\">\n\t<meta name=\"twitter:data1\" content=\"3 minutes\">\n<script type=\"application\/ld+json\" class=\"yoast-schema-graph\">{\"@context\":\"https:\/\/schema.org\",\"@graph\":[{\"@type\":\"WebSite\",\"@id\":\"https:\/\/www.commosupply.com\/#website\",\"url\":\"https:\/\/www.commosupply.com\/\",\"name\":\"CommoSupply\",\"description\":\"Trusted grains and oilseeds advisers\",\"potentialAction\":[{\"@type\":\"SearchAction\",\"target\":\"https:\/\/www.commosupply.com\/?s={search_term_string}\",\"query-input\":\"required name=search_term_string\"}],\"inLanguage\":\"fr-FR\"},{\"@type\":\"WebPage\",\"@id\":\"https:\/\/www.commosupply.com\/fr\/societe\/qui-nous-sommes\/#webpage\",\"url\":\"https:\/\/www.commosupply.com\/fr\/societe\/qui-nous-sommes\/\",\"name\":\"Qui nous sommes - CommoSupply\",\"isPartOf\":{\"@id\":\"https:\/\/www.commosupply.com\/#website\"},\"datePublished\":\"2014-11-26T18:07:02+00:00\",\"dateModified\":\"2017-10-12T13:52:11+00:00\",\"description\":\"CommoSupply est une soci\\u00e9t\\u00e9 de conseil en c\\u00e9r\\u00e9ales, graines ol\\u00e9agineuses, huiles v\\u00e9g\\u00e9tales et biodiesel. Approvisionnement, marketing, courtage de fret\",\"breadcrumb\":{\"@id\":\"https:\/\/www.commosupply.com\/fr\/societe\/qui-nous-sommes\/#breadcrumb\"},\"inLanguage\":\"fr-FR\",\"potentialAction\":[{\"@type\":\"ReadAction\",\"target\":[\"https:\/\/www.commosupply.com\/fr\/societe\/qui-nous-sommes\/\"]}]},{\"@type\":\"BreadcrumbList\",\"@id\":\"https:\/\/www.commosupply.com\/fr\/societe\/qui-nous-sommes\/#breadcrumb\",\"itemListElement\":[{\"@type\":\"ListItem\",\"position\":1,\"item\":{\"@type\":\"WebPage\",\"@id\":\"https:\/\/www.commosupply.com\/fr\/\",\"url\":\"https:\/\/www.commosupply.com\/fr\/\",\"name\":\"Home\"}},{\"@type\":\"ListItem\",\"position\":2,\"item\":{\"@type\":\"WebPage\",\"@id\":\"https:\/\/www.commosupply.com\/fr\/societe\/\",\"url\":\"https:\/\/www.commosupply.com\/fr\/societe\/\",\"name\":\"Soci\\u00e9t\\u00e9\"}},{\"@type\":\"ListItem\",\"position\":3,\"item\":{\"@id\":\"https:\/\/www.commosupply.com\/fr\/societe\/qui-nous-sommes\/#webpage\"}}]}]}<\/script>\n<!-- \/ Yoast SEO plugin. -->","_links":{"self":[{"href":"https:\/\/www.commosupply.com\/fr\/wp-json\/wp\/v2\/pages\/3840"}],"collection":[{"href":"https:\/\/www.commosupply.com\/fr\/wp-json\/wp\/v2\/pages"}],"about":[{"href":"https:\/\/www.commosupply.com\/fr\/wp-json\/wp\/v2\/types\/page"}],"author":[{"embeddable":true,"href":"https:\/\/www.commosupply.com\/fr\/wp-json\/wp\/v2\/users\/1"}],"replies":[{"embeddable":true,"href":"https:\/\/www.commosupply.com\/fr\/wp-json\/wp\/v2\/comments?post=3840"}],"version-history":[{"count":5,"href":"https:\/\/www.commosupply.com\/fr\/wp-json\/wp\/v2\/pages\/3840\/revisions"}],"predecessor-version":[{"id":4857,"href":"https:\/\/www.commosupply.com\/fr\/wp-json\/wp\/v2\/pages\/3840\/revisions\/4857"}],"up":[{"embeddable":true,"href":"https:\/\/www.commosupply.com\/fr\/wp-json\/wp\/v2\/pages\/3837"}],"wp:attachment":[{"href":"https:\/\/www.commosupply.com\/fr\/wp-json\/wp\/v2\/media?parent=3840"}],"curies":[{"name":"wp","href":"https:\/\/api.w.org\/{rel}","templated":true}]}}