{"id":3837,"date":"2014-12-19T19:17:35","date_gmt":"2014-12-19T18:17:35","guid":{"rendered":"http:\/\/www.commosupply.com\/?page_id=3837"},"modified":"2017-10-11T08:59:52","modified_gmt":"2017-10-11T08:59:52","slug":"societe","status":"publish","type":"page","link":"https:\/\/www.commosupply.com\/fr\/societe\/","title":{"rendered":"Soci\u00e9t\u00e9"},"content":{"rendered":"<div  data-size='entry_with_sidebar'  data-lightbox_size='large'  data-animation='slide'  data-ids='4542'  data-video_counter='0'  data-autoplay='true'  data-bg_slider='false'  data-slide_height=''  data-handle='av_slideshow'  data-interval='4'  data-class=' '  data-css_id=''  data-scroll_down=''  data-control_layout='av-control-default'  data-custom_markup=''  data-perma_caption='aviaTBperma_caption'  data-autoplay_stopper=''  data-image_attachment=''  data-min_height='0px'  data-default-height='37.988165680473'  class='avia-slideshow avia-slideshow-1  av-control-default av-default-height-applied avia-slideshow-entry_with_sidebar av_slideshow   avia-slide-slider '  itemscope=\"itemscope\" itemtype=\"https:\/\/schema.org\/ImageObject\" ><ul class='avia-slideshow-inner' style='padding-bottom: 37.988165680473%;'><li  class=' av-single-slide slide-1 ' ><a href='https:\/\/www.commosupply.com\/fr\/societe\/qui-nous-sommes\/' data-rel='slideshow-1' class='avia-slide-wrap'  ><img src='https:\/\/www.commosupply.com\/wp-content\/uploads\/2014\/11\/about-us.jpg' width='845' height='321' title='about us' alt=''  itemprop=\"thumbnailUrl\"   \/><\/a><\/li><\/ul><div class=\"avia-caption av-slideshow-caption\"><div class=\"avia-inner-caption\"><h2  class='avia-caption-title '  itemprop=\"name\" >Conseil en graines ol\u00e9agineuses, huiles v\u00e9g\u00e9tales, biodiesel et c\u00e9r\u00e9ales<\/h2><\/div><\/div><\/div>\n","protected":false},"excerpt":{"rendered":"","protected":false},"author":1,"featured_media":0,"parent":0,"menu_order":2,"comment_status":"closed","ping_status":"closed","template":"","meta":[],"yoast_head":"<!-- This site is optimized with the Yoast SEO plugin v16.2 - https:\/\/yoast.com\/wordpress\/plugins\/seo\/ -->\n<title>Soci\u00e9t\u00e9 - CommoSupply<\/title>\n<meta name=\"robots\" content=\"index, follow, max-snippet:-1, max-image-preview:large, max-video-preview:-1\" \/>\n<link rel=\"canonical\" href=\"https:\/\/www.commosupply.com\/fr\/societe\/\" \/>\n<meta property=\"og:locale\" content=\"fr_FR\" \/>\n<meta property=\"og:type\" content=\"article\" \/>\n<meta property=\"og:title\" content=\"Soci\u00e9t\u00e9 - CommoSupply\" \/>\n<meta property=\"og:url\" content=\"https:\/\/www.commosupply.com\/fr\/societe\/\" \/>\n<meta property=\"og:site_name\" content=\"CommoSupply\" \/>\n<meta property=\"article:modified_time\" content=\"2017-10-11T08:59:52+00:00\" \/>\n<meta name=\"twitter:card\" content=\"summary\" \/>\n<script type=\"application\/ld+json\" class=\"yoast-schema-graph\">{\"@context\":\"https:\/\/schema.org\",\"@graph\":[{\"@type\":\"WebSite\",\"@id\":\"https:\/\/www.commosupply.com\/#website\",\"url\":\"https:\/\/www.commosupply.com\/\",\"name\":\"CommoSupply\",\"description\":\"Trusted grains and oilseeds advisers\",\"potentialAction\":[{\"@type\":\"SearchAction\",\"target\":\"https:\/\/www.commosupply.com\/?s={search_term_string}\",\"query-input\":\"required name=search_term_string\"}],\"inLanguage\":\"fr-FR\"},{\"@type\":\"WebPage\",\"@id\":\"https:\/\/www.commosupply.com\/fr\/societe\/#webpage\",\"url\":\"https:\/\/www.commosupply.com\/fr\/societe\/\",\"name\":\"Soci\\u00e9t\\u00e9 - CommoSupply\",\"isPartOf\":{\"@id\":\"https:\/\/www.commosupply.com\/#website\"},\"datePublished\":\"2014-12-19T18:17:35+00:00\",\"dateModified\":\"2017-10-11T08:59:52+00:00\",\"breadcrumb\":{\"@id\":\"https:\/\/www.commosupply.com\/fr\/societe\/#breadcrumb\"},\"inLanguage\":\"fr-FR\",\"potentialAction\":[{\"@type\":\"ReadAction\",\"target\":[\"https:\/\/www.commosupply.com\/fr\/societe\/\"]}]},{\"@type\":\"BreadcrumbList\",\"@id\":\"https:\/\/www.commosupply.com\/fr\/societe\/#breadcrumb\",\"itemListElement\":[{\"@type\":\"ListItem\",\"position\":1,\"item\":{\"@type\":\"WebPage\",\"@id\":\"https:\/\/www.commosupply.com\/fr\/\",\"url\":\"https:\/\/www.commosupply.com\/fr\/\",\"name\":\"Home\"}},{\"@type\":\"ListItem\",\"position\":2,\"item\":{\"@id\":\"https:\/\/www.commosupply.com\/fr\/societe\/#webpage\"}}]}]}<\/script>\n<!-- \/ Yoast SEO plugin. -->","_links":{"self":[{"href":"https:\/\/www.commosupply.com\/fr\/wp-json\/wp\/v2\/pages\/3837"}],"collection":[{"href":"https:\/\/www.commosupply.com\/fr\/wp-json\/wp\/v2\/pages"}],"about":[{"href":"https:\/\/www.commosupply.com\/fr\/wp-json\/wp\/v2\/types\/page"}],"author":[{"embeddable":true,"href":"https:\/\/www.commosupply.com\/fr\/wp-json\/wp\/v2\/users\/1"}],"replies":[{"embeddable":true,"href":"https:\/\/www.commosupply.com\/fr\/wp-json\/wp\/v2\/comments?post=3837"}],"version-history":[{"count":2,"href":"https:\/\/www.commosupply.com\/fr\/wp-json\/wp\/v2\/pages\/3837\/revisions"}],"predecessor-version":[{"id":4856,"href":"https:\/\/www.commosupply.com\/fr\/wp-json\/wp\/v2\/pages\/3837\/revisions\/4856"}],"wp:attachment":[{"href":"https:\/\/www.commosupply.com\/fr\/wp-json\/wp\/v2\/media?parent=3837"}],"curies":[{"name":"wp","href":"https:\/\/api.w.org\/{rel}","templated":true}]}}