{"id":3648,"date":"2014-12-09T15:04:08","date_gmt":"2014-12-09T14:04:08","guid":{"rendered":"http:\/\/www.commosupply.com\/?page_id=3648"},"modified":"2017-10-12T10:15:33","modified_gmt":"2017-10-12T10:15:33","slug":"accueil","status":"publish","type":"page","link":"https:\/\/www.commosupply.com\/fr\/","title":{"rendered":"Accueil"},"content":{"rendered":"<div id='fullscreen_slider_0' class='avia-fullscreen-slider main_color   container_wrap sidebar_right'   ><a href='#next-section' title='' class='scroll-down-link av-control-default' aria-hidden='true' data-av_icon='\ue877' data-av_iconfont='entypo-fontello'><\/a><div  data-size='no scaling'  data-lightbox_size='large'  data-animation='fade'  data-ids='251,253,254,255'  data-video_counter='0'  data-autoplay='true'  data-bg_slider='true'  data-slide_height='100'  data-handle='av_fullscreen'  data-interval='7'  data-class=' '  data-css_id='fullscreen_slider_0'  data-scroll_down='aviaTBscroll_down'  data-control_layout='av-control-default'  data-custom_markup=''  data-perma_caption=''  data-autoplay_stopper=''  data-image_attachment=''  data-min_height='0px'  data-stretch=''  class='avia-slideshow avia-slideshow-1 av-slider-scroll-down-active av-control-default av-default-height-applied avia-slideshow-no scaling av_fullscreen   avia-fade-slider '  itemscope=\"itemscope\" itemtype=\"https:\/\/schema.org\/ImageObject\" ><ul class='avia-slideshow-inner' style='padding-bottom: 40.336134453782%;'><li style='background-position:center center;' data-img-url='https:\/\/www.commosupply.com\/wp-content\/uploads\/2015\/10\/CommoSupply-Grains-Oilseeds-Vegoils-Procurement.jpg' class=' slide-1 ' ><div data-rel='slideshow-1' class='avia-slide-wrap'  ><div class = \"caption_fullwidth av-slideshow-caption caption_right caption_right_framed caption_framed\"><div class = \"container caption_container\"><div class = \"slideshow_caption\"><div class = \"slideshow_inner_caption\"><div class = \"slideshow_align_caption\"><h2  style='color:#ffffff; ' class='avia-caption-title '  itemprop=\"name\" >Soci\u00e9t\u00e9 de conseil en graines ol\u00e9agineuses, huiles v\u00e9g\u00e9tales, biodiesel et c\u00e9r\u00e9ales<\/h2><div class='avia-caption-content  '  itemprop=\"description\"  ><p>\u2022 G\u00e9rez les prix de vos mati\u00e8res premi\u00e8res agricoles<br \/>\n\u2022 Optimisez la gestion de votre cha\u00eene d\u2019approvisionnement<br \/>\n\u2022 R\u00e9duisez vos risques<\/p>\n<\/div><a href='https:\/\/www.commosupply.com\/fr\/societe\/qui-nous-sommes\/'  class='avia-slideshow-button avia-button avia-color-green ' data-duration='800' data-easing='easeInOutQuad'>EN SAVOIR PLUS SUR NOTRE SOCIETE<\/a><\/div><\/div><\/div><\/div><\/div><\/div><\/li><li style='background-position:center center;' data-img-url='https:\/\/www.commosupply.com\/wp-content\/uploads\/2015\/10\/CommoSupply-Mission-committed-to-quality.jpg' class=' slide-2 ' ><div data-rel='slideshow-1' class='avia-slide-wrap'  ><div class = \"caption_fullwidth av-slideshow-caption caption_left caption_left_framed caption_framed\"><div class = \"container caption_container\"><div class = \"slideshow_caption\"><div class = \"slideshow_inner_caption\"><div class = \"slideshow_align_caption\"><h2  class='avia-caption-title '  itemprop=\"name\" >ENGAGEMENT QUALIT\u00c9<\/h2><div class='avia-caption-content  '  itemprop=\"description\"  ><p>Attitude positive, effort constant pour nous am\u00e9liorer et culture de l\u2019excellence font notre quotidien. Nous travaillons dur pour r\u00e9pondre \u00e0 toutes les attentes de nos clients, et pour les surpasser chaque fois que possible.<\/p>\n<\/div><a href='https:\/\/www.commosupply.com\/fr\/societe\/notre-mission\/'  class='avia-slideshow-button avia-button avia-color-red ' data-duration='800' data-easing='easeInOutQuad'>EN SAVOIR PLUS SUR NOTRE MISSION<\/a><\/div><\/div><\/div><\/div><\/div><\/div><\/li><li style='background-position:top right;' data-img-url='https:\/\/www.commosupply.com\/wp-content\/uploads\/2015\/10\/CommoSupply-Committed-Team.jpg' class=' slide-3 ' ><div data-rel='slideshow-1' class='avia-slide-wrap'  ><div class = \"caption_fullwidth av-slideshow-caption caption_left caption_left_framed caption_framed\"><div class = \"container caption_container\"><div class = \"slideshow_caption\"><div class = \"slideshow_inner_caption\"><div class = \"slideshow_align_caption\"><h2  style='color:#ffffff; ' class='avia-caption-title '  itemprop=\"name\" >DES \u00c9QUIPES IMPLIQU\u00c9ES<\/h2><div class='avia-caption-content  '  itemprop=\"description\"  ><p>Nous accordons une importance majeure \u00e0 nos collaborateurs. Analystes des march\u00e9s des c\u00e9r\u00e9ales et ol\u00e9agineux, sp\u00e9cialistes logistiques, ils sont tous experts dans leur domaine, et fiers de donner chaque jour le meilleur d\u2019eux-m\u00eames.<\/p>\n<\/div><a href='https:\/\/www.commosupply.com\/fr\/societe\/notre-equipe\/'  class='avia-slideshow-button avia-button avia-color-blue ' data-duration='800' data-easing='easeInOutQuad'>EN SAVOIR PLUS SUR NOS \u00c9QUIPES<\/a><\/div><\/div><\/div><\/div><\/div><\/div><\/li><li style='background-position:center center;' data-img-url='https:\/\/www.commosupply.com\/wp-content\/uploads\/2015\/10\/CommoSupply-Trusted-Partnership-with-Clients.jpg' class=' slide-4 ' ><div data-rel='slideshow-1' class='avia-slide-wrap'  ><div class = \"caption_fullwidth av-slideshow-caption caption_right caption_right_framed caption_framed\"><div class = \"container caption_container\"><div class = \"slideshow_caption\"><div class = \"slideshow_inner_caption\"><div class = \"slideshow_align_caption\"><h2  style='color:#ffffff; ' class='avia-caption-title '  itemprop=\"name\" >PARTENARIAT DURABLE ET DE CONFIANCE AVEC CHAQUE CLIENT<\/h2><div class='avia-caption-content  '  itemprop=\"description\"  ><p>Nous nous engageons \u00e0 construire avec nos clients des relations de confiance, bas\u00e9es sur le respect, la compr\u00e9hension et la flexibilit\u00e9. Leur satisfaction \u00e0 l&rsquo;\u00e9gard de nos services est l\u2019unique mesure de notre r\u00e9ussite.<\/p>\n<\/div><a href='https:\/\/www.commosupply.com\/fr\/societe\/ce-qui-nous-differencie\/'  class='avia-slideshow-button avia-button avia-color-red ' data-duration='800' data-easing='easeInOutQuad'>EN SAVOIR PLUS SUR CE QUI NOUS DIFF\u00c9RENCIE<\/a><\/div><\/div><\/div><\/div><\/div><\/div><\/li><\/ul><div class='avia-slideshow-arrows avia-slideshow-controls'><a href='#prev' class='prev-slide' aria-hidden='true' data-av_icon='\ue87c' data-av_iconfont='entypo-fontello'>Pr\u00e9c\u00e9dent<\/a><a href='#next' class='next-slide' aria-hidden='true' data-av_icon='\ue87d' data-av_iconfont='entypo-fontello'>Suivant<\/a><\/div><div class='avia-slideshow-dots avia-slideshow-controls'><a href='#1' class='goto-slide active' >1<\/a><a href='#2' class='goto-slide ' >2<\/a><a href='#3' class='goto-slide ' >3<\/a><a href='#4' class='goto-slide ' >4<\/a><\/div><\/div><\/div>\n<\/div><\/div><\/div><!-- close content main div --><\/div><\/div><div id='av_section_1' class='avia-section main_color avia-section-default avia-no-shadow avia-bg-style-scroll   container_wrap sidebar_right'   ><div class='container' ><div class='template-page content  av-content-small alpha units'><div class='post-entry post-entry-type-page post-entry-3648'><div class='entry-content-wrapper clearfix'>\n<div style='padding-bottom:10px;' class='av-special-heading av-special-heading-h3     '><h3 class='av-special-heading-tag '  itemprop=\"headline\"  >CommoSupply : conseil en c\u00e9r\u00e9ales, graines ol\u00e9agineuses, huiles v\u00e9g\u00e9tales et biodiesel<\/h3><div class='special-heading-border'><div class='special-heading-inner-border' ><\/div><\/div><\/div>\n<section class=\"av_textblock_section \"  itemscope=\"itemscope\" itemtype=\"https:\/\/schema.org\/CreativeWork\" ><div class='avia_textblock  '   itemprop=\"text\" ><p><strong>Bienvenue sur notre site Internet\u00a0!<\/strong><\/p>\n<p>Notre soci\u00e9t\u00e9 est compos\u00e9e d\u2019individus de talent, en qui vous pouvez avoir confiance, parce que nous sommes tous des sp\u00e9cialistes des c\u00e9r\u00e9ales et graines ol\u00e9agineuses, avec plus de 200 ann\u00e9es d\u2019exp\u00e9rience combin\u00e9e, et parce que nous avons une passion pour le n\u00e9goce de mati\u00e8res premi\u00e8res agricoles, la logistique et le service client.<\/p>\n<p>Nous aimons notre travail, nous nous engageons au quotidien, nous collaborons et soutenons nos clients, nous sommes fiers de donner chaque jour le meilleur de nous-m\u00eames. Nous construisons avec nos clients des relations de confiance sur le long terme, en les basant sur le respect, la compr\u00e9hension et la flexibilit\u00e9. Leur satisfaction \u00e0 l&rsquo;\u00e9gard de\u00a0nos services est l\u2019unique mesure de notre r\u00e9ussite.<\/p>\n<p>Nous esp\u00e9rons que ce site vous fera comprendre qui nous sommes, ce que nous faisons et comment nous pouvons vous aider \u00e0 optimiser la gestion du prix de vos mati\u00e8res premi\u00e8res et de votre chaine d\u2019approvisionnement, et \u00e0 ma\u00eetriser les risques associ\u00e9s \u00e0 vos activit\u00e9s\u00a0industrielles.<\/p>\n<p>N\u2019h\u00e9sitez pas \u00e0 <a title=\"Nous contacter\" href=\"http:\/\/www.commosupply.com\/fr\/nous-contacter\">nous contacter<\/a> pour en savoir plus.<\/p>\n<p><strong>Cyril Francart, Olivier Gross et Manuel Hirsch<br \/>\n<\/strong><strong>Co-fondateurs &amp; Directeurs Associ\u00e9s<\/strong><\/p>\n<\/div><\/section>\n\t<div  class='av_promobox  avia-button-yes '>\t\t<div class='avia-promocontent'><p>Pour en savoir plus sur la fa\u00e7on dont\u00a0nous pourrions vous aider, contactez-nous !<\/p>\n<\/div><div class='avia-button-wrap avia-button-right '><a href='https:\/\/www.commosupply.com\/fr\/nous-contacter\/' class='avia-button   avia-icon_select-no avia-color-red avia-size-large avia-position-right '   ><span class='avia_iconbox_title' >Nous contacter<\/span><\/a><\/div>\t<\/div>\n<\/div><\/div><\/div><!-- close content main div --><\/div><\/div><div id='after_section_1' class='main_color av_default_container_wrap container_wrap sidebar_right'   ><div class='container' ><div class='template-page content  av-content-small alpha units'><div class='post-entry post-entry-type-page post-entry-3648'><div class='entry-content-wrapper clearfix'>\n<\/div><\/div><\/div><!-- close content main div --><\/div><\/div><div id='av_section_2' class='avia-section main_color avia-section-default avia-no-shadow avia-full-stretch avia-bg-style-fixed   av-minimum-height av-minimum-height-25 container_wrap sidebar_right' style = 'background-repeat: no-repeat; background-image: url(http:\/\/www.commosupply.com\/wp-content\/uploads\/2014\/12\/CommoSupply-agricultural-commodities-procurement-brokerage.jpg); background-attachment: fixed; background-position: top left; ' data-section-bg-repeat='stretch' ><div class='container' ><div class='template-page content  av-content-small alpha units'><div class='post-entry post-entry-type-page post-entry-3648'><div class='entry-content-wrapper clearfix'><\/div><\/div><\/div><!-- close content main div --><\/div><\/div><div id='after_section_2' class='main_color av_default_container_wrap container_wrap sidebar_right'   ><div class='container' ><div class='template-page content  av-content-small alpha units'><div class='post-entry post-entry-type-page post-entry-3648'><div class='entry-content-wrapper clearfix'>\n<\/div><\/div><\/div><!-- close content main div --><\/div><\/div><div id='av_section_3' class='avia-section main_color avia-section-default avia-no-shadow avia-bg-style-scroll   container_wrap sidebar_right'   ><div class='container' ><div class='template-page content  av-content-small alpha units'><div class='post-entry post-entry-type-page post-entry-3648'><div class='entry-content-wrapper clearfix'>\n<div style='padding-bottom:10px;' class='av-special-heading av-special-heading-h3     '><h3 class='av-special-heading-tag '  itemprop=\"headline\"  >Nos services<\/h3><div class='special-heading-border'><div class='special-heading-inner-border' ><\/div><\/div><\/div>\n<div class=\"flex_column av_one_third  flex_column_div first  \" ><p><div class='avia-image-container  av-styling-    avia-align-left '  itemscope=\"itemscope\" itemtype=\"https:\/\/schema.org\/ImageObject\"  ><div class='avia-image-container-inner'><a href='https:\/\/www.commosupply.com\/fr\/services\/gestion-approvisionnement-et-marketing\/' class='avia_image'  ><img class='avia_image ' src='http:\/\/www.commosupply.com\/wp-content\/uploads\/2014\/12\/CommoSupply-Procurement-and-marketing-management-square.jpg' alt='' title=''  itemprop=\"thumbnailUrl\"  \/><\/a><\/div><\/div><br \/>\n<section class=\"av_textblock_section \"  itemscope=\"itemscope\" itemtype=\"https:\/\/schema.org\/CreativeWork\" ><div class='avia_textblock  '   itemprop=\"text\" ><h5>Gestion de l\u2019approvisionnement et du marketing<\/h5>\n<p>CommoSupply\u00a0agit pour le compte de ses clients et fournit des analyses, des conseils, ainsi que l\u2019ex\u00e9cution d\u2019op\u00e9rations et des services de fret.<\/p>\n<\/div><\/section><\/p><\/div><div class=\"flex_column av_one_third  flex_column_div   \" ><p><div class='avia-image-container  av-styling-    avia-align-left '  itemscope=\"itemscope\" itemtype=\"https:\/\/schema.org\/ImageObject\"  ><div class='avia-image-container-inner'><a href='https:\/\/www.commosupply.com\/fr\/services\/conseil-en-approvisionnement\/' class='avia_image'  ><img class='avia_image ' src='http:\/\/www.commosupply.com\/wp-content\/uploads\/2014\/12\/CommoSupply-Procurement-Advice-square.jpg' alt='' title=''  itemprop=\"thumbnailUrl\"  \/><\/a><\/div><\/div><br \/>\n<section class=\"av_textblock_section \"  itemscope=\"itemscope\" itemtype=\"https:\/\/schema.org\/CreativeWork\" ><div class='avia_textblock  '   itemprop=\"text\" ><h5>Conseil en approvisionnement<\/h5>\n<p>CommoSupply fournit des analyses pointues des march\u00e9s, actualis\u00e9es en temps r\u00e9el, et des analyses de l\u2019offre et de la demande.<\/p>\n<\/div><\/section><\/p><\/div><div class=\"flex_column av_one_third  flex_column_div   \" ><p><div class='avia-image-container  av-styling-    avia-align-left '  itemscope=\"itemscope\" itemtype=\"https:\/\/schema.org\/ImageObject\"  ><div class='avia-image-container-inner'><a href='https:\/\/www.commosupply.com\/fr\/services\/courtage-de-fret\/' class='avia_image'  ><img class='avia_image ' src='http:\/\/www.commosupply.com\/wp-content\/uploads\/2014\/12\/CommoSupply-Freight-Brokerage-square.jpg' alt='' title=''  itemprop=\"thumbnailUrl\"  \/><\/a><\/div><\/div><br \/>\n<section class=\"av_textblock_section \"  itemscope=\"itemscope\" itemtype=\"https:\/\/schema.org\/CreativeWork\" ><div class='avia_textblock  '   itemprop=\"text\" ><h5>Courtage de fret<\/h5>\n<p>CommoSupply propose des services d&rsquo;affr\u00e8tement, ainsi que le planning et gestion de l&rsquo;approvisionnement, notamment en terme de fret.<\/p>\n<\/div><\/section><\/p><\/div>\n<\/div><\/div><\/div><!-- close content main div --><\/div><\/div><div id='after_section_3' class='main_color av_default_container_wrap container_wrap sidebar_right'   ><div class='container' ><div class='template-page content  av-content-small alpha units'><div class='post-entry post-entry-type-page post-entry-3648'><div class='entry-content-wrapper clearfix'>\n<\/div><\/div><\/div><!-- close content main div --><\/div><\/div><div id='av_section_4' class='avia-section main_color avia-section-default avia-no-shadow avia-full-stretch avia-bg-style-fixed   container_wrap sidebar_right' style = 'background-repeat: no-repeat; background-image: url(http:\/\/www.commosupply.com\/wp-content\/uploads\/2014\/12\/CommoSupply-agricultural-commodities-procurement-brokerage.jpg); background-attachment: fixed; background-position: top left; ' data-section-bg-repeat='stretch' ><div class='container' ><div class='template-page content  av-content-small alpha units'><div class='post-entry post-entry-type-page post-entry-3648'><div class='entry-content-wrapper clearfix'><\/div><\/div><\/div><!-- close content main div --><\/div><\/div><div id='after_section_4' class='main_color av_default_container_wrap container_wrap sidebar_right'   ><div class='container' ><div class='template-page content  av-content-small alpha units'><div class='post-entry post-entry-type-page post-entry-3648'><div class='entry-content-wrapper clearfix'>\n","protected":false},"excerpt":{"rendered":"","protected":false},"author":2,"featured_media":0,"parent":0,"menu_order":0,"comment_status":"closed","ping_status":"closed","template":"","meta":[],"yoast_head":"<!-- This site is optimized with the Yoast SEO plugin v16.2 - https:\/\/yoast.com\/wordpress\/plugins\/seo\/ -->\n<title>CommoSupply: conseil en c\u00e9r\u00e9ales et graines ol\u00e9agineuses<\/title>\n<meta name=\"description\" content=\"CommoSupply est une soci\u00e9t\u00e9 de conseil et de courtage de fret en mati\u00e8res premi\u00e8res agricoles (c\u00e9r\u00e9ales, graines ol\u00e9agineuses, huiles v\u00e9g\u00e9tales, biodiesel). Gen\u00e8ve, Paris, Barcelone, G\u00eanes, Luxembourg.\" \/>\n<meta name=\"robots\" content=\"index, follow, max-snippet:-1, max-image-preview:large, max-video-preview:-1\" \/>\n<link rel=\"canonical\" href=\"https:\/\/www.commosupply.com\/fr\/\" \/>\n<meta property=\"og:locale\" content=\"fr_FR\" \/>\n<meta property=\"og:type\" content=\"article\" \/>\n<meta property=\"og:title\" content=\"CommoSupply: conseil en c\u00e9r\u00e9ales et graines ol\u00e9agineuses\" \/>\n<meta property=\"og:description\" content=\"CommoSupply est une soci\u00e9t\u00e9 de conseil et de courtage de fret en mati\u00e8res premi\u00e8res agricoles (c\u00e9r\u00e9ales, graines ol\u00e9agineuses, huiles v\u00e9g\u00e9tales, biodiesel). Gen\u00e8ve, Paris, Barcelone, G\u00eanes, Luxembourg.\" \/>\n<meta property=\"og:url\" content=\"https:\/\/www.commosupply.com\/fr\/\" \/>\n<meta property=\"og:site_name\" content=\"CommoSupply\" \/>\n<meta property=\"article:modified_time\" content=\"2017-10-12T10:15:33+00:00\" \/>\n<meta name=\"twitter:card\" content=\"summary\" \/>\n<meta name=\"twitter:label1\" content=\"Dur\u00e9e de lecture est.\">\n\t<meta name=\"twitter:data1\" content=\"8 minutes\">\n<script type=\"application\/ld+json\" class=\"yoast-schema-graph\">{\"@context\":\"https:\/\/schema.org\",\"@graph\":[{\"@type\":\"WebSite\",\"@id\":\"https:\/\/www.commosupply.com\/#website\",\"url\":\"https:\/\/www.commosupply.com\/\",\"name\":\"CommoSupply\",\"description\":\"Trusted grains and oilseeds advisers\",\"potentialAction\":[{\"@type\":\"SearchAction\",\"target\":\"https:\/\/www.commosupply.com\/?s={search_term_string}\",\"query-input\":\"required name=search_term_string\"}],\"inLanguage\":\"fr-FR\"},{\"@type\":\"WebPage\",\"@id\":\"https:\/\/www.commosupply.com\/fr\/#webpage\",\"url\":\"https:\/\/www.commosupply.com\/fr\/\",\"name\":\"CommoSupply: conseil en c\\u00e9r\\u00e9ales et graines ol\\u00e9agineuses\",\"isPartOf\":{\"@id\":\"https:\/\/www.commosupply.com\/#website\"},\"datePublished\":\"2014-12-09T14:04:08+00:00\",\"dateModified\":\"2017-10-12T10:15:33+00:00\",\"description\":\"CommoSupply est une soci\\u00e9t\\u00e9 de conseil et de courtage de fret en mati\\u00e8res premi\\u00e8res agricoles (c\\u00e9r\\u00e9ales, graines ol\\u00e9agineuses, huiles v\\u00e9g\\u00e9tales, biodiesel). Gen\\u00e8ve, Paris, Barcelone, G\\u00eanes, Luxembourg.\",\"breadcrumb\":{\"@id\":\"https:\/\/www.commosupply.com\/fr\/#breadcrumb\"},\"inLanguage\":\"fr-FR\",\"potentialAction\":[{\"@type\":\"ReadAction\",\"target\":[\"https:\/\/www.commosupply.com\/fr\/\"]}]},{\"@type\":\"BreadcrumbList\",\"@id\":\"https:\/\/www.commosupply.com\/fr\/#breadcrumb\",\"itemListElement\":[{\"@type\":\"ListItem\",\"position\":1,\"item\":{\"@type\":\"WebPage\",\"@id\":\"https:\/\/www.commosupply.com\/fr\/\",\"url\":\"https:\/\/www.commosupply.com\/fr\/\",\"name\":\"Home\"}},{\"@type\":\"ListItem\",\"position\":2,\"item\":{\"@id\":\"https:\/\/www.commosupply.com\/fr\/#webpage\"}}]}]}<\/script>\n<!-- \/ Yoast SEO plugin. -->","_links":{"self":[{"href":"https:\/\/www.commosupply.com\/fr\/wp-json\/wp\/v2\/pages\/3648"}],"collection":[{"href":"https:\/\/www.commosupply.com\/fr\/wp-json\/wp\/v2\/pages"}],"about":[{"href":"https:\/\/www.commosupply.com\/fr\/wp-json\/wp\/v2\/types\/page"}],"author":[{"embeddable":true,"href":"https:\/\/www.commosupply.com\/fr\/wp-json\/wp\/v2\/users\/2"}],"replies":[{"embeddable":true,"href":"https:\/\/www.commosupply.com\/fr\/wp-json\/wp\/v2\/comments?post=3648"}],"version-history":[{"count":3,"href":"https:\/\/www.commosupply.com\/fr\/wp-json\/wp\/v2\/pages\/3648\/revisions"}],"predecessor-version":[{"id":4877,"href":"https:\/\/www.commosupply.com\/fr\/wp-json\/wp\/v2\/pages\/3648\/revisions\/4877"}],"wp:attachment":[{"href":"https:\/\/www.commosupply.com\/fr\/wp-json\/wp\/v2\/media?parent=3648"}],"curies":[{"name":"wp","href":"https:\/\/api.w.org\/{rel}","templated":true}]}}